{"id":1054,"date":"2010-03-25T21:54:09","date_gmt":"2010-03-25T20:54:09","guid":{"rendered":"http:\/\/www.archers91.fr\/wordpress\/archers\/?page_id=1054"},"modified":"2026-03-27T18:43:41","modified_gmt":"2026-03-27T17:43:41","slug":"section-arbitres","status":"publish","type":"page","link":"https:\/\/archers91.fr\/?page_id=1054","title":{"rendered":"R\u00e8glementation sportive"},"content":{"rendered":"\n<p>Les modifications de r\u00e8glement sont applicables <strong>d\u00e8s leur vote par le Conseil d\u2019Administration<\/strong>, m\u00eame si le<br>livre des r\u00e8glements n\u2019est pas mis \u00e0 jour imm\u00e9diatement. <\/p>\n\n\n\n<p>Les Instructions f\u00e9d\u00e9rales, les Interpr\u00e9tations et les D\u00e9crets <strong>pr\u00e9valent<\/strong> sur le Livre des R\u00e8glements<br><strong>dans cet ordre.<\/strong><\/p>\n\n\n\n<p>Les r\u00e8glements applicables sont compos\u00e9s des \u00e9l\u00e9ments suivants :<\/p>\n\n\n\n<details class=\"wp-block-details is-layout-flow wp-block-details-is-layout-flow\"><summary>Livre des r\u00e8glements<\/summary>\n<p><\/p>\n<\/details>\n\n\n\n<details class=\"wp-block-details is-layout-flow wp-block-details-is-layout-flow\"><summary>D\u00e9crets<\/summary>\n<p>Ces d\u00e9crets sont vot\u00e9s par le Conseil d\u2019Administration et sont l\u00e0 pour d\u00e9finir de<br>mani\u00e8re provisoire des ajouts ou des modifications de r\u00e8glement. (Exemple : test de nouvelles<br>cat\u00e9gories, \u2026). Ils sont valables pour une dur\u00e9e d\u00e9termin\u00e9e qui peut \u00eatre revue par le Conseil<br>d\u2019Administration. Apr\u00e8s cette dur\u00e9e, ils sont soit int\u00e9gr\u00e9s au Livre des R\u00e8glements, soit<br>abandonn\u00e9s.<\/p>\n<\/details>\n\n\n\n<details class=\"wp-block-details is-layout-flow wp-block-details-is-layout-flow\"><summary>Interpr\u00e9tations<\/summary>\n<p>Les interpr\u00e9tations concernent l\u2019acceptation ou non de mat\u00e9riel sp\u00e9cifique.<br>Elles sont cr\u00e9\u00e9es par la CNA et valid\u00e9es par les Commissions concern\u00e9es (elles sont distribu\u00e9es \u00e0<br>toutes les Commissions)<\/p>\n<\/details>\n\n\n\n<figure class=\"wp-block-table aligncenter is-style-stripes has-small-font-size\"><table class=\"has-white-background-color has-background has-fixed-layout\"><thead><tr><th class=\"has-text-align-center\" data-align=\"center\">Saison<\/th><th class=\"has-text-align-center\" data-align=\"center\">R\u00e8glement sportif<\/th><th class=\"has-text-align-center\" data-align=\"center\">PV AG FFTA<\/th><th class=\"has-text-align-center\" data-align=\"center\">Info CNA<\/th><\/tr><\/thead><tbody><tr><td class=\"has-text-align-center\" data-align=\"center\">2026<\/td><td class=\"has-text-align-center\" data-align=\"center\"><a href=\"https:\/\/archers91.fr\/wp-content\/uploads\/2025\/12\/Reglements_Sportifs_Arbitrage_Saison_Sportive_2026_Version_20251126.pdf\" data-type=\"link\" data-id=\"https:\/\/archers91.fr\/wp-content\/uploads\/2025\/12\/Reglements_Sportifs_Arbitrage_Saison_Sportive_2026_Version_20251126.pdf\">Novembre 2025-bis<\/a><br><a href=\"https:\/\/archers91.fr\/wp-content\/uploads\/2025\/11\/Reglements-Sportifs-et-Arbitrage_Version-de-Novembre-2025-Saison-Sportive-2026.pdf\">Novembre 2025<\/a><br><a href=\"https:\/\/archers91.fr\/wp-content\/uploads\/2025\/10\/Reglements-Sportifs-et-Arbitrage_Saison-Sportive-2026_Juillet-2025-V2_0.pdf\">juillet 2025 V2 (saison 2026)<\/a><\/td><td class=\"has-text-align-center\" data-align=\"center\"><a href=\"https:\/\/archers91.fr\/wp-content\/uploads\/2026\/03\/PV_680_CA_FEVRIER_2026-1.pdf\">f\u00e9vrier2026<\/a><\/td><td class=\"has-text-align-center\" data-align=\"center\"><\/td><\/tr><tr><td class=\"has-text-align-center\" data-align=\"center\">2025<\/td><td class=\"has-text-align-center\" data-align=\"center\"><a href=\"https:\/\/archers91.fr\/wp-content\/uploads\/2025\/10\/Reglements-Sportifs-et-Arbitrage_Saison-Sportive-2025_Juillet-2025.pdf\">juillet<\/a><\/td><td class=\"has-text-align-center\" data-align=\"center\"><a href=\"https:\/\/archers91.fr\/wp-content\/uploads\/2025\/10\/pv-664-ca-fevrier-2025.pdf\">f\u00e9vrier<\/a> <br><a href=\"https:\/\/archers91.fr\/wp-content\/uploads\/2025\/10\/pv-665-ca-mars-visio-2025.pdf\">mars<\/a><br><a href=\"https:\/\/archers91.fr\/wp-content\/uploads\/2025\/10\/pv-671-ca-juin-2025v2.pdf\">juin<\/a><br><a href=\"https:\/\/archers91.fr\/wp-content\/uploads\/2025\/10\/pv-675-ca-octobre-2025.pdf\">octobre<\/a><\/td><td class=\"has-text-align-center\" data-align=\"center\"><a href=\"https:\/\/archers91.fr\/wp-content\/uploads\/2026\/02\/FFTA-CNA_121.pdf\">CNA 121<\/a><\/td><\/tr><tr><td class=\"has-text-align-center\" data-align=\"center\">2024<\/td><td class=\"has-text-align-center\" data-align=\"center\"><a href=\"https:\/\/archers91.fr\/wp-content\/uploads\/2025\/10\/Reglements-Sportifs-et-Arbitrage_Version-Consolidee-2024-diffusion_0.pdf\">d\u00e9cembre<\/a><br><a href=\"https:\/\/archers91.fr\/wp-content\/uploads\/2025\/10\/2024_Guide_elts-_assisatnce_version_FR_v2a-1.pdf\">janvier 2024 guide para<\/a><\/td><td class=\"has-text-align-center\" data-align=\"center\"><a href=\"https:\/\/archers91.fr\/wp-content\/uploads\/2025\/10\/pv-646-codir-janvier-2024.pdf\">janvier<\/a><br><a href=\"https:\/\/archers91.fr\/wp-content\/uploads\/2025\/10\/pv-648-codir-mars-2024.pdf\">mars<\/a><br><a href=\"https:\/\/archers91.fr\/wp-content\/uploads\/2025\/10\/pv-654-codir-juin-2024.pdf\">juin<\/a><br><a href=\"https:\/\/archers91.fr\/wp-content\/uploads\/2025\/10\/pv-658-ca-octobre-2024.pdf\">octobre<\/a><br><a href=\"https:\/\/archers91.fr\/wp-content\/uploads\/2025\/10\/pv-661-ca-decembre-2024.pdf\">d\u00e9cembre<\/a><\/td><td class=\"has-text-align-center\" data-align=\"center\"><a href=\"https:\/\/archers91.fr\/wp-content\/uploads\/2025\/10\/INFO_CNA_120.pdf\">CNA 120<\/a><br><a href=\"https:\/\/archers91.fr\/wp-content\/uploads\/2025\/10\/INFO_CNA_119.pdf\">CNA 119<\/a><\/td><\/tr><tr><td class=\"has-text-align-center\" data-align=\"center\">2023<\/td><td class=\"has-text-align-center\" data-align=\"center\"><a href=\"https:\/\/archers91.fr\/wp-content\/uploads\/2025\/10\/Reglements_Sportifs_Arbitrage_Fevrier_2023.pdf\">f\u00e9vrier<\/a><br><a href=\"https:\/\/archers91.fr\/wp-content\/uploads\/2025\/10\/Reglements_Sportifs_Arbitrage_decembre_2023.pdf\">d\u00e9cembre<\/a><\/td><td class=\"has-text-align-center\" data-align=\"center\"><\/td><td class=\"has-text-align-center\" data-align=\"center\"><\/td><\/tr><\/tbody><\/table><\/figure>\n","protected":false},"excerpt":{"rendered":"<p>Les modifications de r\u00e8glement sont applicables d\u00e8s leur vote par le Conseil d\u2019Administration, m\u00eame si lelivre des r\u00e8glements n\u2019est pas mis \u00e0 jour imm\u00e9diatement. Les Instructions f\u00e9d\u00e9rales, les Interpr\u00e9tations et les D\u00e9crets pr\u00e9valent sur le Livre des R\u00e8glementsdans cet ordre. Les r\u00e8glements applicables sont compos\u00e9s des \u00e9l\u00e9ments suivants : Saison R\u00e8glement sportif PV AG FFTA [&hellip;]<\/p>\n","protected":false},"author":1,"featured_media":0,"parent":0,"menu_order":4,"comment_status":"closed","ping_status":"closed","template":"","meta":{"footnotes":""},"class_list":["post-1054","page","type-page","status-publish","hentry"],"_links":{"self":[{"href":"https:\/\/archers91.fr\/index.php?rest_route=\/wp\/v2\/pages\/1054","targetHints":{"allow":["GET"]}}],"collection":[{"href":"https:\/\/archers91.fr\/index.php?rest_route=\/wp\/v2\/pages"}],"about":[{"href":"https:\/\/archers91.fr\/index.php?rest_route=\/wp\/v2\/types\/page"}],"author":[{"embeddable":true,"href":"https:\/\/archers91.fr\/index.php?rest_route=\/wp\/v2\/users\/1"}],"replies":[{"embeddable":true,"href":"https:\/\/archers91.fr\/index.php?rest_route=%2Fwp%2Fv2%2Fcomments&post=1054"}],"version-history":[{"count":33,"href":"https:\/\/archers91.fr\/index.php?rest_route=\/wp\/v2\/pages\/1054\/revisions"}],"predecessor-version":[{"id":24509,"href":"https:\/\/archers91.fr\/index.php?rest_route=\/wp\/v2\/pages\/1054\/revisions\/24509"}],"wp:attachment":[{"href":"https:\/\/archers91.fr\/index.php?rest_route=%2Fwp%2Fv2%2Fmedia&parent=1054"}],"curies":[{"name":"wp","href":"https:\/\/api.w.org\/{rel}","templated":true}]}}