{"id":1480,"date":"2010-09-25T12:09:47","date_gmt":"2010-09-25T10:09:47","guid":{"rendered":"http:\/\/www.archers91.fr\/wordpress\/archers\/?page_id=1480"},"modified":"2024-04-26T09:03:51","modified_gmt":"2024-04-26T07:03:51","slug":"trouver-un-club","status":"publish","type":"page","link":"https:\/\/archers91.fr\/?page_id=1480","title":{"rendered":"Trouver un club"},"content":{"rendered":"\n<p>Le comit\u00e9 d\u00e9partemental se compose actuellement de 31 clubs affili\u00e9s \u00e0 la F\u00e9d\u00e9ration Fran\u00e7aise de Tir \u00e0 l&rsquo;Arc.<\/p>\n\n\n\n<div class=\"wp-block-group\"><div class=\"wp-block-group__inner-container is-layout-constrained wp-block-group-is-layout-constrained\">\n<figure class=\"wp-block-table aligncenter\"><table><tbody><tr><td class=\"has-text-align-center\" data-align=\"center\"><iframe loading=\"lazy\" align=\"center\" src=\"https:\/\/www.google.com\/maps\/d\/u\/0\/embed?mid=1Tqd7623Vx5f5kwdxmVUQdI-eHBuIkIA&amp;ehbc=2E312F\" width=\"640\" height=\"480\"><\/iframe><\/td><\/tr><\/tbody><\/table><\/figure>\n<\/div><\/div>\n","protected":false},"excerpt":{"rendered":"<p>Le comit\u00e9 d\u00e9partemental se compose actuellement de 31 clubs affili\u00e9s \u00e0 la F\u00e9d\u00e9ration Fran\u00e7aise de Tir \u00e0 l&rsquo;Arc.<\/p>\n","protected":false},"author":1,"featured_media":0,"parent":0,"menu_order":0,"comment_status":"closed","ping_status":"open","template":"","meta":{"footnotes":""},"class_list":["post-1480","page","type-page","status-publish","hentry"],"_links":{"self":[{"href":"https:\/\/archers91.fr\/index.php?rest_route=\/wp\/v2\/pages\/1480","targetHints":{"allow":["GET"]}}],"collection":[{"href":"https:\/\/archers91.fr\/index.php?rest_route=\/wp\/v2\/pages"}],"about":[{"href":"https:\/\/archers91.fr\/index.php?rest_route=\/wp\/v2\/types\/page"}],"author":[{"embeddable":true,"href":"https:\/\/archers91.fr\/index.php?rest_route=\/wp\/v2\/users\/1"}],"replies":[{"embeddable":true,"href":"https:\/\/archers91.fr\/index.php?rest_route=%2Fwp%2Fv2%2Fcomments&post=1480"}],"version-history":[{"count":16,"href":"https:\/\/archers91.fr\/index.php?rest_route=\/wp\/v2\/pages\/1480\/revisions"}],"predecessor-version":[{"id":22422,"href":"https:\/\/archers91.fr\/index.php?rest_route=\/wp\/v2\/pages\/1480\/revisions\/22422"}],"wp:attachment":[{"href":"https:\/\/archers91.fr\/index.php?rest_route=%2Fwp%2Fv2%2Fmedia&parent=1480"}],"curies":[{"name":"wp","href":"https:\/\/api.w.org\/{rel}","templated":true}]}}