{"id":16834,"date":"2020-03-03T11:00:58","date_gmt":"2020-03-03T10:00:58","guid":{"rendered":"http:\/\/www.archers91.fr\/?page_id=16834"},"modified":"2026-02-19T09:20:13","modified_gmt":"2026-02-19T08:20:13","slug":"trophee-des-mixtes","status":"publish","type":"page","link":"https:\/\/archers91.fr\/?page_id=16834","title":{"rendered":"Troph\u00e9e des Mixtes"},"content":{"rendered":"\n<div class=\"wp-block-media-text is-stacked-on-mobile\" style=\"grid-template-columns:22% auto\"><figure class=\"wp-block-media-text__media\"><img loading=\"lazy\" decoding=\"async\" width=\"474\" height=\"640\" src=\"https:\/\/archers91.fr\/wp-content\/uploads\/2025\/11\/logotropheedepartementaldesmixtes.png\" alt=\"\" class=\"wp-image-24114 size-full\" srcset=\"https:\/\/archers91.fr\/wp-content\/uploads\/2025\/11\/logotropheedepartementaldesmixtes.png 474w, https:\/\/archers91.fr\/wp-content\/uploads\/2025\/11\/logotropheedepartementaldesmixtes-222x300.png 222w\" sizes=\"auto, (max-width: 474px) 100vw, 474px\" \/><\/figure><div class=\"wp-block-media-text__content\">\n<p style=\"font-size:18px\">Le Troph\u00e9e D\u00e9partemental des Mixtes est organis\u00e9 le <strong>samedi 20 d\u00e9cembre 2025<\/strong> par le CDTAE et la Compagnie de tir \u00e0 l\u2019arc d\u2019<strong>Athis-Mons<\/strong>.<\/p>\n\n\n\n<p style=\"font-size:18px\">Le format de la rencontre est pr\u00e9vu en trois temps : <\/p>\n\n\n\n<ul class=\"wp-block-list\">\n<li style=\"font-size:18px\">Un tir de mini-qualification dans le rythme du tir par \u00e9quipe mixte : 5 vol\u00e9es de 4 fl\u00e8ches (2 fl\u00e8ches par tireur en 80 secondes)<\/li>\n\n\n\n<li style=\"font-size:18px\">Des matchs par poule en sets<\/li>\n\n\n\n<li style=\"font-size:18px\">Un \u00ab Big Shoot Off\u00bb en montante\/descendante pour d\u00e9terminer le classement final<\/li>\n<\/ul>\n<\/div><\/div>\n\n\n\n<div class=\"wp-block-columns is-layout-flex wp-container-core-columns-is-layout-9d6595d7 wp-block-columns-is-layout-flex\">\n<div class=\"wp-block-column is-layout-flow wp-block-column-is-layout-flow\">\n<p class=\"has-text-color has-link-color wp-elements-72f108388346c26c138363779c96eef4\" style=\"color:#042a90\"><strong>Composition des \u00e9quipes<\/strong> :<\/p>\n\n\n\n<ul class=\"wp-block-list\">\n<li style=\"font-size:18px\">1 femme<\/li>\n\n\n\n<li style=\"font-size:18px\">1 homme<br>de m\u00eame cat\u00e9gorie<\/li>\n<\/ul>\n\n\n\n<p style=\"font-size:18px\">Au maximum, 2 \u00e9quipes par club et par cat\u00e9gorie.<\/p>\n<\/div>\n\n\n\n<div class=\"wp-block-column is-layout-flow wp-block-column-is-layout-flow\">\n<p class=\"has-text-color has-link-color wp-elements-25e433a3ac870bdf815ca5978392c898\" style=\"color:#042a90\"><strong>4 cat\u00e9gories :<\/strong><\/p>\n\n\n\n<ul class=\"wp-block-list\">\n<li style=\"font-size:18px\">arc classique<\/li>\n\n\n\n<li style=\"font-size:18px\">arc nu<\/li>\n\n\n\n<li style=\"font-size:18px\">arc \u00e0 poulies<\/li>\n\n\n\n<li style=\"font-size:18px\">n\u00e9o-licenci\u00e9s (classiques en 2\u00e8me ann\u00e9e de licence)<\/li>\n<\/ul>\n<\/div>\n\n\n\n<div class=\"wp-block-column is-layout-flow wp-block-column-is-layout-flow\">\n<p class=\"has-text-color has-link-color wp-elements-cc859712c39b02f09113845b76796da2\" style=\"color:#042a90\"><strong>Mandat :<\/strong><\/p>\n\n\n\n<div class=\"wp-block-file\"><a id=\"wp-block-file--media-59051161-4947-4d7e-9b00-ee85c096039b\" href=\"https:\/\/archers91.fr\/wp-content\/uploads\/2025\/11\/mandat-TDM-dec25-1.pdf\" target=\"_blank\" rel=\"noreferrer noopener\">mandat-TDM-dec25<\/a><\/div>\n<\/div>\n<\/div>\n\n\n\n<h2 class=\"wp-block-heading has-text-color has-link-color wp-elements-a4a0476e603312eee9a4cc57f30dff54\" style=\"color:#042a90\">R\u00e9sultats<\/h2>\n\n\n\n<div data-wp-interactive=\"core\/file\" class=\"wp-block-file\"><object data-wp-bind--hidden=\"!state.hasPdfPreview\" hidden class=\"wp-block-file__embed\" data=\"https:\/\/archers91.fr\/wp-content\/uploads\/2026\/02\/Resultats-trophee-des-mixtes-91.pdf\" type=\"application\/pdf\" style=\"width:100%;height:400px\" aria-label=\"Contenu embarqu\u00e9 R\u00e9sultats troph\u00e9e des mixtes 91.\"><\/object><a id=\"wp-block-file--media-30db8105-6280-49aa-9d53-442f61f68974\" href=\"https:\/\/archers91.fr\/wp-content\/uploads\/2026\/02\/Resultats-trophee-des-mixtes-91.pdf\" target=\"_blank\" rel=\"noreferrer noopener\">R\u00e9sultats troph\u00e9e des mixtes 91<\/a><a href=\"https:\/\/archers91.fr\/wp-content\/uploads\/2026\/02\/Resultats-trophee-des-mixtes-91.pdf\" class=\"wp-block-file__button wp-element-button\" download aria-describedby=\"wp-block-file--media-30db8105-6280-49aa-9d53-442f61f68974\">T\u00e9l\u00e9charger<\/a><\/div>\n\n\n\n<h2 class=\"wp-block-heading has-text-color has-link-color wp-elements-527a817b5b39c6f16546df7fb3311373\" style=\"color:#042a90\">Inscription<\/h2>\n\n\n\n<p style=\"font-size:18px\">(avant le 14 d\u00e9cembre 2025)<\/p>\n\n\n\n<iframe id=\"haWidget\" allowtransparency=\"true\" src=\"https:\/\/www.helloasso.com\/associations\/comite-departemental-de-tir-a-l-arc\/boutiques\/trophee-departemental-des-mixtes\/widget\" style=\"width: 100%; border: none;\" onload=\"window.addEventListener( 'message', function(e) { const dataHeight = e.data.height; const haWidgetElement = document.getElementById('haWidget'); haWidgetElement.height = dataHeight + 'px'; } )\" ><\/iframe>\n\n\n\n<h2 class=\"wp-block-heading has-text-color has-link-color wp-elements-515ba0ec81225c42f8a7951cc338d7ac\" style=\"color:#042a90\">R\u00e9sultats ann\u00e9es pr\u00e9c\u00e9dentes (2022 \u00e0 2025)<\/h2>\n\n\n\n<p><a href=\"https:\/\/archers91.fr\/?page_id=24107\" data-type=\"page\" data-id=\"24107\">Archives <\/a><\/p>\n\n\n\n<p><\/p>\n","protected":false},"excerpt":{"rendered":"<p>Composition des \u00e9quipes : Au maximum, 2 \u00e9quipes par club et par cat\u00e9gorie. 4 cat\u00e9gories : Mandat : R\u00e9sultats Inscription (avant le 14 d\u00e9cembre 2025) R\u00e9sultats ann\u00e9es pr\u00e9c\u00e9dentes (2022 \u00e0 2025) Archives<\/p>\n","protected":false},"author":1,"featured_media":0,"parent":0,"menu_order":11,"comment_status":"closed","ping_status":"closed","template":"","meta":{"footnotes":""},"class_list":["post-16834","page","type-page","status-publish","hentry"],"_links":{"self":[{"href":"https:\/\/archers91.fr\/index.php?rest_route=\/wp\/v2\/pages\/16834","targetHints":{"allow":["GET"]}}],"collection":[{"href":"https:\/\/archers91.fr\/index.php?rest_route=\/wp\/v2\/pages"}],"about":[{"href":"https:\/\/archers91.fr\/index.php?rest_route=\/wp\/v2\/types\/page"}],"author":[{"embeddable":true,"href":"https:\/\/archers91.fr\/index.php?rest_route=\/wp\/v2\/users\/1"}],"replies":[{"embeddable":true,"href":"https:\/\/archers91.fr\/index.php?rest_route=%2Fwp%2Fv2%2Fcomments&post=16834"}],"version-history":[{"count":17,"href":"https:\/\/archers91.fr\/index.php?rest_route=\/wp\/v2\/pages\/16834\/revisions"}],"predecessor-version":[{"id":24436,"href":"https:\/\/archers91.fr\/index.php?rest_route=\/wp\/v2\/pages\/16834\/revisions\/24436"}],"wp:attachment":[{"href":"https:\/\/archers91.fr\/index.php?rest_route=%2Fwp%2Fv2%2Fmedia&parent=16834"}],"curies":[{"name":"wp","href":"https:\/\/api.w.org\/{rel}","templated":true}]}}