{"id":21793,"date":"2024-03-06T18:49:12","date_gmt":"2024-03-06T17:49:12","guid":{"rendered":"http:\/\/archers91.fr\/?page_id=21793"},"modified":"2024-03-21T13:07:14","modified_gmt":"2024-03-21T12:07:14","slug":"agenda-des-evenements","status":"publish","type":"page","link":"https:\/\/archers91.fr\/?page_id=21793","title":{"rendered":"Agenda des \u00e9v\u00e8nements"},"content":{"rendered":"\n<p>Ce calendrier partag\u00e9 regroupe les rencontres sportives et loisirs du d\u00e9partement. <\/p>\n\n\n\n<p>Pour synchroniser les \u00e9v\u00e8nements qui s&rsquo;y trouve avec  votre propre agenda google, cliquez sur  <em>\u00ab\u00a0Ajouter \u00e0 googleAgenda\u00a0\u00bb<\/em> en bas du calendrier.<\/p>\n\n\n\n<iframe loading=\"lazy\" src=\"https:\/\/calendar.google.com\/calendar\/embed?height=600&#038;wkst=2&#038;ctz=Europe%2FParis&#038;bgcolor=%23ffffff&#038;src=YjQ1Y2UyNTk1NGJiYjhlNWQzMDI2OTQ3ZTc2ZGE2NjIzNDk3ODljNWJkMzQzZjgxMWNmOGVkNzdiYTIyZGM2YUBncm91cC5jYWxlbmRhci5nb29nbGUuY29t&#038;src=Zm45Z2NyOGdkbzhiNHZmYzAzZGNvdTZnY3MwNHNvZGtAaW1wb3J0LmNhbGVuZGFyLmdvb2dsZS5jb20&#038;src=ZnIuZnJlbmNoI2hvbGlkYXlAZ3JvdXAudi5jYWxlbmRhci5nb29nbGUuY29t&#038;color=%237CB342&#038;color=%23009688&#038;color=%230B8043\" style=\"border:solid 1px #777\" width=\"800\" height=\"600\" frameborder=\"0\" scrolling=\"no\"><\/iframe>\n","protected":false},"excerpt":{"rendered":"<p>Ce calendrier partag\u00e9 regroupe les rencontres sportives et loisirs du d\u00e9partement. Pour synchroniser les \u00e9v\u00e8nements qui s&rsquo;y trouve avec votre propre agenda google, cliquez sur \u00ab\u00a0Ajouter \u00e0 googleAgenda\u00a0\u00bb en bas du calendrier.<\/p>\n","protected":false},"author":5,"featured_media":0,"parent":0,"menu_order":0,"comment_status":"closed","ping_status":"closed","template":"","meta":{"footnotes":""},"class_list":["post-21793","page","type-page","status-publish","hentry"],"_links":{"self":[{"href":"https:\/\/archers91.fr\/index.php?rest_route=\/wp\/v2\/pages\/21793","targetHints":{"allow":["GET"]}}],"collection":[{"href":"https:\/\/archers91.fr\/index.php?rest_route=\/wp\/v2\/pages"}],"about":[{"href":"https:\/\/archers91.fr\/index.php?rest_route=\/wp\/v2\/types\/page"}],"author":[{"embeddable":true,"href":"https:\/\/archers91.fr\/index.php?rest_route=\/wp\/v2\/users\/5"}],"replies":[{"embeddable":true,"href":"https:\/\/archers91.fr\/index.php?rest_route=%2Fwp%2Fv2%2Fcomments&post=21793"}],"version-history":[{"count":11,"href":"https:\/\/archers91.fr\/index.php?rest_route=\/wp\/v2\/pages\/21793\/revisions"}],"predecessor-version":[{"id":22085,"href":"https:\/\/archers91.fr\/index.php?rest_route=\/wp\/v2\/pages\/21793\/revisions\/22085"}],"wp:attachment":[{"href":"https:\/\/archers91.fr\/index.php?rest_route=%2Fwp%2Fv2%2Fmedia&parent=21793"}],"curies":[{"name":"wp","href":"https:\/\/api.w.org\/{rel}","templated":true}]}}