{"id":21980,"date":"2024-03-14T13:05:26","date_gmt":"2024-03-14T12:05:26","guid":{"rendered":"https:\/\/archers91.fr\/?page_id=21980"},"modified":"2024-03-26T09:23:21","modified_gmt":"2024-03-26T08:23:21","slug":"archives-reunions","status":"publish","type":"page","link":"https:\/\/archers91.fr\/?page_id=21980","title":{"rendered":"Archives &#8211; r\u00e9unions"},"content":{"rendered":"\n<ul class=\"wp-block-list\">\n<li><a href=\"#CR_CD\">compte-rendu de r\u00e9union du comit\u00e9 directeur<\/a><\/li>\n\n\n\n<li><a href=\"#CR_AG\">Compte rendu d&rsquo;AG<\/a><\/li>\n<\/ul>\n\n\n\n<p><strong>Compte-rendu des r\u00e9unions du Comit\u00e9 Directeur :<\/strong><\/p>\n\n\n\n<figure class=\"wp-block-table aligncenter is-style-stripes has-small-font-size\" id=\"CR_CD\"><table class=\"has-background\" style=\"background-color:#c0cc6ba6\"><thead><tr><th>Titre<\/th><th>Date<\/th><th class=\"has-text-align-center\" data-align=\"center\">T\u00e9l\u00e9charger<\/th><\/tr><\/thead><tbody><tr><td>compte-rendu de r\u00e9union<\/td><td>09 janvier 24<\/td><td class=\"has-text-align-center\" data-align=\"center\">CR reunion-janv24<\/td><\/tr><tr><td>compte-rendu de r\u00e9union<\/td><td>d\u00e9cembre 23<\/td><td class=\"has-text-align-center\" data-align=\"center\"><a href=\"https:\/\/archers91.fr\/wp-content\/uploads\/2024\/01\/CR-reunion-12-dec23.pdf\" target=\"_blank\" rel=\"noreferrer noopener\">CR reunion-dec23<\/a><\/td><\/tr><tr><td>compte-rendu de r\u00e9union<\/td><td>14 novembre 23<\/td><td class=\"has-text-align-center\" data-align=\"center\"><a href=\"https:\/\/archers91.fr\/wp-content\/uploads\/2024\/01\/CR-reunion-14-novembre.pdf\" target=\"_blank\" rel=\"noreferrer noopener\">CR reunion-nov23<\/a><\/td><\/tr><tr><td>  compte-rendu de r\u00e9union<\/td><td>4 juillet 23<\/td><td class=\"has-text-align-center\" data-align=\"center\"><a href=\"https:\/\/archers91.fr\/wp-content\/uploads\/2023\/07\/CR-reunion-4-juil23.pdf\" target=\"_blank\" rel=\"noreferrer noopener\">CR reunion CDTAE-juillet23<\/a><\/td><\/tr><tr><td>  compte-rendu de r\u00e9union<\/td><td>7 juin 23<\/td><td class=\"has-text-align-center\" data-align=\"center\"><a href=\"https:\/\/archers91.fr\/wp-content\/uploads\/2023\/07\/CR-reunion-7-juin.pdf\" target=\"_blank\" rel=\"noreferrer noopener\">CR reunion CDTAE- juin23<\/a><\/td><\/tr><tr><td>  compte-rendu de r\u00e9union<\/td><td>21 mars 23<\/td><td class=\"has-text-align-center\" data-align=\"center\"><a href=\"https:\/\/archers91.fr\/wp-content\/uploads\/2023\/07\/CR-reunion-21-Mars.pdf\" target=\"_blank\" rel=\"noreferrer noopener\">CR reunion CDTAE-mars23<\/a><\/td><\/tr><tr><td>compte-rendu de r\u00e9union<\/td><td>10 janv 23<\/td><td class=\"has-text-align-center\" data-align=\"center\"><a href=\"https:\/\/archers91.fr\/wp-content\/uploads\/2023\/07\/Reunion-du-10-JAN-2023.pdf\" target=\"_blank\" rel=\"noreferrer noopener\">CR reunion CDTAE-janv23<\/a><\/td><\/tr><tr><td>  compte-rendu de r\u00e9union  <\/td><td>12 dec 22<\/td><td class=\"has-text-align-center\" data-align=\"center\"><a href=\"https:\/\/archers91.fr\/wp-content\/uploads\/2023\/01\/12-reunion-CDTAE-13dec22.pdf\" target=\"_blank\" rel=\"noreferrer noopener\">CR reunion CDTAE- dec22<\/a><\/td><\/tr><tr><td>  compte-rendu de r\u00e9union  <\/td><td>20 oct 22<\/td><td class=\"has-text-align-center\" data-align=\"center\"><a href=\"https:\/\/archers91.fr\/wp-content\/uploads\/2023\/01\/10-reunion-CDTAE-20-oct22.pdf\" target=\"_blank\" rel=\"noreferrer noopener\"> CR reunion CDTAE- oct22 <\/a><\/td><\/tr><tr><td>  compte-rendu de r\u00e9union  <\/td><td>27 sept 22<\/td><td class=\"has-text-align-center\" data-align=\"center\"><a href=\"https:\/\/archers91.fr\/wp-content\/uploads\/2023\/01\/9-reunion-CDTAE-27-sept22.pdf\" target=\"_blank\" rel=\"noreferrer noopener\"> CR reunion CDTAE- sept22 <\/a><\/td><\/tr><tr><td> compte-rendu de r\u00e9union <\/td><td>21 juin<\/td><td class=\"has-text-align-center\" data-align=\"center\"><a href=\"https:\/\/archers91.fr\/wp-content\/uploads\/2023\/01\/8-reunion-CDTAE-21-juin22.pdf\" target=\"_blank\" rel=\"noreferrer noopener\"> CR reunion CDTAE- juin22 <\/a><\/td><\/tr><tr><td> compte-rendu de r\u00e9union <\/td><td>31 mai<\/td><td class=\"has-text-align-center\" data-align=\"center\"><a href=\"https:\/\/archers91.fr\/wp-content\/uploads\/2022\/06\/7-re\u0301union-CDTAE-31-mai22.pdf\" target=\"_blank\" rel=\"noreferrer noopener\">CR reunion CDTAE mai 22<\/a><\/td><\/tr><tr><td>compte-rendu de r\u00e9union<\/td><td>19 avril<\/td><td class=\"has-text-align-center\" data-align=\"center\"><a href=\"https:\/\/archers91.fr\/wp-content\/uploads\/2022\/06\/6-re\u0301union-CDTAE-19-avril22.pdf\" target=\"_blank\" rel=\"noreferrer noopener\">CR reunion CDTAE avril 22<\/a><\/td><\/tr><tr><td>compte-rendu de r\u00e9union<\/td><td>17 f\u00e9vrier <\/td><td class=\"has-text-align-center\" data-align=\"center\"><a href=\"https:\/\/archers91.fr\/wp-content\/uploads\/2022\/03\/5-re\u0301union-CDTAE-17-fev-22.pdf\" target=\"_blank\" rel=\"noreferrer noopener\">CR reunion CDTAE fev 22<\/a><\/td><\/tr><tr><td>compte-rendu de r\u00e9union<\/td><td>11 janvier 22<\/td><td class=\"has-text-align-center\" data-align=\"center\"><a href=\"https:\/\/archers91.fr\/wp-content\/uploads\/2022\/01\/re\u0301union-CDTAE-11-janv22.pdf\" target=\"_blank\" rel=\"noreferrer noopener\">CR reunion CDTAE janv 22<\/a><\/td><\/tr><tr><td>compte-rendu de r\u00e9union<\/td><td>7 dec 21<\/td><td class=\"has-text-align-center\" data-align=\"center\"><a href=\"https:\/\/archers91.fr\/wp-content\/uploads\/2021\/12\/reunion-CDTAE-7-dec21.pdf\" target=\"_blank\" rel=\"noreferrer noopener\">CR reunion CDTAE dec 21<\/a><\/td><\/tr><tr><td>compte-rendu de r\u00e9union<\/td><td>19 oct 21<\/td><td class=\"has-text-align-center\" data-align=\"center\"><a href=\"https:\/\/archers91.fr\/wp-content\/uploads\/2021\/10\/re\u0301union-CDTAE-19-oct-21.pdf\" target=\"_blank\" rel=\"noreferrer noopener\">CR reunion CDTAE-oct21<\/a><\/td><\/tr><tr><td>compte-rendu de r\u00e9union<\/td><td>12 sept 21<\/td><td class=\"has-text-align-center\" data-align=\"center\"><a href=\"https:\/\/archers91.fr\/wp-content\/uploads\/2021\/10\/re\u0301union-CDTAE-14-sept-2021.pdf\" target=\"_blank\" rel=\"noreferrer noopener\">CR reunion CDTAE-sept21<\/a><\/td><\/tr><tr><td>compte-rendu de r\u00e9union<\/td><td>10 juin 21<\/td><td class=\"has-text-align-center\" data-align=\"center\"><a href=\"https:\/\/archers91.fr\/wp-content\/uploads\/2021\/07\/reunion-10-juin-2021-.pdf\" target=\"_blank\" rel=\"noreferrer noopener\">CR reunion CDTAE-juin21<\/a><\/td><\/tr><tr><td>  compte-rendu de r\u00e9union <\/td><td>11 mars 21<\/td><td class=\"has-text-align-center\" data-align=\"center\"><a href=\"https:\/\/archers91.fr\/wp-content\/uploads\/2021\/03\/r\u00e9union-CDTAE-11-mars-21.pdf\" target=\"_blank\" rel=\"noreferrer noopener\" aria-label=\"CR reunion CDTAE-mars21 (opens in a new tab)\">CR reunion CDTAE-mars21<\/a><\/td><\/tr><tr><td> compte-rendu de r\u00e9union   <\/td><td>11 fev 21<\/td><td class=\"has-text-align-center\" data-align=\"center\"><\/td><\/tr><tr><td> compte-rendu de r\u00e9union   <\/td><td>12 janv 21<\/td><td class=\"has-text-align-center\" data-align=\"center\"><a href=\"https:\/\/archers91.fr\/wp-content\/uploads\/2021\/02\/reunion-CDTAE-12-jan-21.pdf\" target=\"_blank\" rel=\"noreferrer noopener\" aria-label=\"CR reunion CDTAE-12 janv21 (s\u2019ouvre dans un nouvel onglet)\">CR reunion CDTAE-12 janv21<\/a><\/td><\/tr><tr><td> compte-rendu de r\u00e9union  <\/td><td>17 dec 20<\/td><td class=\"has-text-align-center\" data-align=\"center\"><a href=\"https:\/\/archers91.fr\/wp-content\/uploads\/2020\/12\/reunion-17-dec-20-1.pdf\" target=\"_blank\" rel=\"noreferrer noopener\" aria-label=\"CR reunion CDTAE-17dec20 (opens in a new tab)\">CR reunion CDTAE-17dec20<\/a><\/td><\/tr><tr><td> compte-rendu de r\u00e9union <\/td><td>26 nov 20<\/td><td class=\"has-text-align-center\" data-align=\"center\"><a href=\"https:\/\/archers91.fr\/wp-content\/uploads\/2020\/12\/CR-reunion-CDTAE-26-nov-20.pdf\" target=\"_blank\" rel=\"noreferrer noopener\" aria-label=\"CR reunion-CDTAE-26nov20 (opens in a new tab)\"><img decoding=\"async\" class=\"wp-image-17517\" style=\"width: NaNpx;\" src=\"https:\/\/archers91.fr\/wp-content\/uploads\/2020\/12\/CR-reunion-CDTAE-26-nov-20.pdf\" alt=\"\">CR reunion-CDTAE-26nov20<\/a><\/td><\/tr><tr><td> compte-rendu de r\u00e9union <\/td><td>5 nov 20<\/td><td class=\"has-text-align-center\" data-align=\"center\"><a href=\"https:\/\/archers91.fr\/wp-content\/uploads\/2020\/11\/reunion-CDTAE-5-nov-20-1.pdf\" target=\"_blank\" rel=\"noreferrer noopener\" aria-label=\"CR reunion-CDTAE-nov20 (opens in a new tab)\">CR reunion-CDTAE-no<img decoding=\"async\" class=\"wp-image-17505\" style=\"width: NaNpx;\" src=\"https:\/\/archers91.fr\/wp-content\/uploads\/2020\/11\/reunion-CDTAE-5-nov-20-1.pdf\" alt=\"\">v20<\/a><\/td><\/tr><tr><td>compte-rendu de r\u00e9union<\/td><td>fev 20<\/td><td class=\"has-text-align-center\" data-align=\"center\"><a href=\"https:\/\/archers91.fr\/wp-content\/uploads\/2020\/03\/CR-reunion-CDTAE-fev20.pdf\">CR reunion-CDTAE-fev20<\/a><\/td><\/tr><tr><td>compte-rendu de r\u00e9union<\/td><td>janv 20<\/td><td class=\"has-text-align-center\" data-align=\"center\"><a href=\"https:\/\/archers91.fr\/wp-content\/uploads\/2020\/01\/CR-reunion-CDTAE-janv20.pdf\">CR reunion-CDTAE-janv20<\/a><\/td><\/tr><tr><td>compte-rendu de r\u00e9union<\/td><td>dec 2019<\/td><td class=\"has-text-align-center\" data-align=\"center\"><a href=\"https:\/\/archers91.fr\/wp-content\/uploads\/2020\/01\/CR-reunion-CDTAE-dec19.pdf\">CR reunion-CDTAE-dec19<\/a><\/td><\/tr><tr><td>compte-rendu de r\u00e9union<\/td><td>nov 2019<\/td><td class=\"has-text-align-center\" data-align=\"center\"><a href=\"https:\/\/archers91.fr\/wp-content\/uploads\/2020\/01\/CR-reunion-CDTAE-nov19.pdf\">CR reunion-CDTAE-nov19<\/a><\/td><\/tr><tr><td>compte-rendu de r\u00e9union<\/td><td>sept 2019<\/td><td class=\"has-text-align-center\" data-align=\"center\"><a href=\"https:\/\/archers91.fr\/wp-content\/uploads\/2019\/11\/CR-reunion-CDTAE-sept19.pdf\">CR reunion-CDTAE-sept19<\/a><\/td><\/tr><tr><td>compte-rendu de r\u00e9union<\/td><td>juin 2019<\/td><td class=\"has-text-align-center\" data-align=\"center\"><a href=\"https:\/\/archers91.fr\/wp-content\/uploads\/2019\/07\/CR-reunion-CDTAE-juin19.pdf\" target=\"_blank\" rel=\"noopener noreferrer\">CR reunion-CDTAE-juin19<\/a><\/td><\/tr><tr><td>compte-rendu de r\u00e9union<\/td><td>mai 2019<\/td><td class=\"has-text-align-center\" data-align=\"center\"><a href=\"https:\/\/archers91.fr\/wp-content\/uploads\/2019\/07\/CR-reunion-CDTAE-mai19.pdf\" target=\"_blank\" rel=\"noopener noreferrer\">CR reunion-CDTAE-mai19<\/a><\/td><\/tr><tr><td>compte-rendu de r\u00e9union<\/td><td>mars 2019<\/td><td class=\"has-text-align-center\" data-align=\"center\"><a href=\"https:\/\/archers91.fr\/wp-content\/uploads\/2019\/04\/CR-reunion-CDTAE-mars19.pdf\">CR reunion-CDTAE-mars19<\/a><\/td><\/tr><tr><td>compte-rendu de r\u00e9union<\/td><td>fev 2019<\/td><td class=\"has-text-align-center\" data-align=\"center\"><a href=\"https:\/\/archers91.fr\/wp-content\/uploads\/2019\/03\/CR-reunion-CDTAE-fev19.pdf\">CR reunion-CDTAE-fev19<\/a><\/td><\/tr><tr><td>compte-rendu de r\u00e9union<\/td><td>janv 2019<\/td><td class=\"has-text-align-center\" data-align=\"center\"><a href=\"https:\/\/archers91.fr\/wordpress\/wp-content\n\/uploads\/2019\/02\/CR-reunion-CDTAE-janv19.pdf\">CR reunion-CDTAE-janv19<\/a><\/td><\/tr><tr><td>compte-rendu de r\u00e9union<\/td><td>dec 2018<\/td><td class=\"has-text-align-center\" data-align=\"center\"><a href=\"https:\/\/archers91.fr\/wp-content\/uploads\/2019\/02\/CR-reunion-CDTAE-dec18.pdf\">CR reunion-CDTAE-dec18<\/a><\/td><\/tr><tr><td>compte-rendu de r\u00e9union<\/td><td>oct 2018<\/td><td class=\"has-text-align-center\" data-align=\"center\"><a href=\"https:\/\/archers91.fr\/wp-content\/uploads\/2019\/02\/CR-reunion-CDTAE-oct18.pdf\">CR reunion-CDTAE-oct18<\/a><\/td><\/tr><tr><td>compte-rendu de r\u00e9union<\/td><td>sept 2018<\/td><td class=\"has-text-align-center\" data-align=\"center\"><a href=\"https:\/\/archers91.fr\/wp-content\/uploads\/2019\/02\/CR-reunion-CDTAE-sept18.pdf\">CR reunion-CDTAE-sept18<\/a><\/td><\/tr><tr><td>compte-rendu de r\u00e9union<\/td><td>10 janvier 18<\/td><td class=\"has-text-align-center\" data-align=\"center\"><a href=\"https:\/\/archers91.fr\/wp-content\/uploads\/2018\/03\/CR-bureauCDTAE-10janv18.pdf\">CR- bureauCDTAE-10janv18<\/a><\/td><\/tr><tr><td>compte-rendu de r\u00e9union<\/td><td>&nbsp;7 nov 17<\/td><td class=\"has-text-align-center\" data-align=\"center\"><a href=\"https:\/\/archers91.fr\/wp-content\/uploads\/2012\/03\/CR-bureauCDTAE-7nov17.pdf\">reunionCDTAE-nov17<\/a><\/td><\/tr><tr><td>compte-rendu de r\u00e9union<\/td><td>21 sept 17<\/td><td class=\"has-text-align-center\" data-align=\"center\"><a href=\"https:\/\/archers91.fr\/wp-content\/uploads\/2012\/03\/CR-bureauCDTAE-21sept17.pdf\">reunion CDTAE-sept17<\/a><\/td><\/tr><tr><td>compte-rendu de r\u00e9union<\/td><td>21 fev 17<\/td><td class=\"has-text-align-center\" data-align=\"center\"><a href=\"https:\/\/archers91.fr\/wp-content\/uploads\/2012\/03\/R\u00e9union-CDTAE-fev17.pdf\">R\u00e9union CDTAE fev17<\/a><\/td><\/tr><tr><td>compte-rendu de r\u00e9union<\/td><td>10 janv 17<\/td><td class=\"has-text-align-center\" data-align=\"center\"><a href=\"https:\/\/archers91.fr\/wp-content\/uploads\/2012\/03\/R\u00e9union-CDTAE-janv17.pdf\">R\u00e9union CDTAE janv17<\/a><\/td><\/tr><\/tbody><\/table><\/figure>\n\n\n\n<h2 class=\"wp-block-heading\">Proc\u00e8s verbal d&rsquo;Assembl\u00e9e G\u00e9n\u00e9rale<\/h2>\n\n\n\n<figure class=\"wp-block-table aligncenter is-style-stripes has-small-font-size\" id=\"CR_AG\"><table class=\"has-background\" style=\"background-color:#cdcdcd\"><thead><tr><th class=\"has-text-align-center\" data-align=\"center\">Titre<\/th><th class=\"has-text-align-center\" data-align=\"center\">Date<\/th><th class=\"has-text-align-center\" data-align=\"center\">T\u00e9l\u00e9charger<\/th><\/tr><\/thead><tbody><tr><td class=\"has-text-align-center\" data-align=\"center\">compte-rendu d&rsquo;A.G. 2023<\/td><td class=\"has-text-align-center\" data-align=\"center\">09\/02\/2024<\/td><td class=\"has-text-align-center\" data-align=\"center\"><a href=\"https:\/\/archers91.fr\/wp-content\/uploads\/2024\/03\/PV_AG2023-CDTAE-v4_signe.pdf\" data-type=\"attachment\" data-id=\"21853\">Compte-rendu<\/a><\/td><\/tr><tr><td class=\"has-text-align-center\" data-align=\"center\"> compte-rendu d&rsquo;A.G. 2022<\/td><td class=\"has-text-align-center\" data-align=\"center\">11\/02\/2023<\/td><td class=\"has-text-align-center\" data-align=\"center\"><a href=\"https:\/\/archers91.fr\/wp-content\/uploads\/2023\/02\/PV_AG2022-CDTAE.pdf\" target=\"_blank\" rel=\"noreferrer noopener\">PV AG-CDTAE-fev23<\/a><\/td><\/tr><tr><td class=\"has-text-align-center\" data-align=\"center\">compte-rendu d&rsquo;A.G. 2021<\/td><td class=\"has-text-align-center\" data-align=\"center\">11\/02\/2022<\/td><td class=\"has-text-align-center\" data-align=\"center\"><a rel=\"noreferrer noopener\" href=\"https:\/\/archers91.fr\/wp-content\/uploads\/2022\/02\/PV_AG-CDTAE2021.pdf\" target=\"_blank\">PV AG-CDTAE-fev22<\/a><br><a href=\"https:\/\/archers91.fr\/wp-content\/uploads\/2022\/02\/Comptes-CDTAE-2021.pdf\" target=\"_blank\" rel=\"noreferrer noopener\">comptes CDTAE-2021<\/a><\/td><\/tr><tr><td class=\"has-text-align-center\" data-align=\"center\"> compte-rendu d&rsquo;A.G. 2020 <\/td><td class=\"has-text-align-center\" data-align=\"center\">26\/02\/2021<\/td><td class=\"has-text-align-center\" data-align=\"center\"><a href=\"https:\/\/archers91.fr\/wp-content\/uploads\/2021\/03\/PV_AG-CDTAE2020.pdf\" target=\"_blank\" rel=\"noreferrer noopener\" aria-label=\"PV AG-CDTAE-fev21 (opens in a new tab)\">PV AG-CDTAE-fev21<\/a><\/td><\/tr><tr><td class=\"has-text-align-center\" data-align=\"center\">AG Elective<\/td><td class=\"has-text-align-center\" data-align=\"center\">16\/10\/2020<\/td><td class=\"has-text-align-center\" data-align=\"center\"><a href=\"https:\/\/archers91.fr\/wp-content\/uploads\/2020\/12\/PV_AG-CD91-2020.pdf\" target=\"_blank\" rel=\"noreferrer noopener\" aria-label=\"PV AG- CDTAE-oct20 (opens in a new tab)\"><img decoding=\"async\" class=\"wp-image-17519\" style=\"width: NaNpx;\" src=\"https:\/\/archers91.fr\/wp-content\/uploads\/2020\/12\/PV_AG-CD91-2020.pdf\" alt=\"\">PV AG- CDTAE-oct20<\/a><\/td><\/tr><tr><td class=\"has-text-align-center\" data-align=\"center\">compte-rendu d&rsquo;A.G. 2019<\/td><td class=\"has-text-align-center\" data-align=\"center\">07\/02\/2020<\/td><td class=\"has-text-align-center\" data-align=\"center\"><a href=\"https:\/\/archers91.fr\/wp-content\/uploads\/2020\/02\/Cr-AG-CD91-2019.pdf\">Cr AG CD91 2019<\/a><\/td><\/tr><tr><td class=\"has-text-align-center\" data-align=\"center\">compte-rendu d&rsquo;A.G.<\/td><td class=\"has-text-align-center\" data-align=\"center\">15\/02\/2019<\/td><td class=\"has-text-align-center\" data-align=\"center\"><a rel=\"noopener noreferrer\" href=\"https:\/\/archers91.fr\/wp-content\/uploads\/2019\/03\/pv-Ag-CDTAE-2018.pdf\" target=\"_blank\">pv-Ag CDTAE 2018<\/a><br><a href=\"https:\/\/archers91.fr\/wp-content\/uploads\/2019\/02\/Analytique-2018.pdf\">Analytique 2018<\/a> <p>&nbsp;<a href=\"https:\/\/archers91.fr\/wp-content\/uploads\/2019\/02\/comm-sportive-2018.pdf\">comm sportive 2018<\/a><br><a href=\"https:\/\/archers91.fr\/wp-content\/uploads\/2019\/02\/ENTRAINEUR-FEDERAL-CD-91-fev19.pdf\">ENTRAINEUR FEDERAL CD 91-fev19<\/a><\/p><\/td><\/tr><tr><td class=\"has-text-align-center\" data-align=\"center\">compte-rendu d&rsquo;A.G.<\/td><td class=\"has-text-align-center\" data-align=\"center\">16\/02\/2018<\/td><td class=\"has-text-align-center\" data-align=\"center\"><a href=\"https:\/\/archers91.fr\/wp-content\/uploads\/2018\/03\/pv-AG-CDTAE-2017.pdf\">pv AG-CDTAE 2017<\/a> <p>&nbsp;<a href=\"https:\/\/archers91.fr\/wp-content\/uploads\/2018\/03\/2017-CDTAE-COMPTE-ANNUELS-.pdf\">2017 CDTAE COMPTE ANNUELS<\/a><\/p><\/td><\/tr><tr><td class=\"has-text-align-center\" data-align=\"center\">compte-rendu d&rsquo;A.G.<\/td><td class=\"has-text-align-center\" data-align=\"center\">11\/02\/2017<\/td><td class=\"has-text-align-center\" data-align=\"center\"><a href=\"https:\/\/archers91.fr\/wp-content\/uploads\/2012\/03\/20170211_AG-CDTAE.pdf\" target=\"_blank\" rel=\"noopener noreferrer\">pv de AG-2016<br><\/a><a href=\"https:\/\/archers91.fr\/wp-content\/uploads\/2012\/03\/comptes-CDTAE-2016-annexe-4.pdf\">comptes CDTAE 2016<\/a><\/td><\/tr><tr><td class=\"has-text-align-center\" data-align=\"center\">compte-rendu d&rsquo;A.G.<\/td><td class=\"has-text-align-center\" data-align=\"center\">19\/02\/2016<\/td><td class=\"has-text-align-center\" data-align=\"center\"><a href=\"https:\/\/archers91.fr\/wp-content\/uploads\/2012\/03\/PV-de-AG-CDTAE-2015.pdf\" rel=\"\">PV de AG-CDTAE-2015<\/a><\/td><\/tr><tr><td class=\"has-text-align-center\" data-align=\"center\">compte-rendu d&rsquo;A.G.<\/td><td class=\"has-text-align-center\" data-align=\"center\">06\/02\/2015<\/td><td class=\"has-text-align-center\" data-align=\"center\">&nbsp;<a href=\"https:\/\/archers91.fr\/wp-content\/uploads\/2012\/03\/PV-de-AG-CDTAE-20141.pdf\" target=\"_blank\" rel=\"noopener noreferrer\">PV de AG-CDTAE-2014<\/a><\/td><\/tr><tr><td class=\"has-text-align-center\" data-align=\"center\">compte-rendu d&rsquo;A.G.<\/td><td class=\"has-text-align-center\" data-align=\"center\">10\/02\/2014<\/td><td class=\"has-text-align-center\" data-align=\"center\"><a rel=\"noopener noreferrer\" href=\"https:\/\/archers91.fr\/wp-content\/uploads\/2012\/03\/PV-de-AG-2013.pdf\" target=\"_blank\">&nbsp;AG CDTAE-2013<\/a> <\/td><\/tr><tr><td class=\"has-text-align-center\" data-align=\"center\">compte-rendu d&rsquo;A.G.<\/td><td class=\"has-text-align-center\" data-align=\"center\">24\/01\/2013<\/td><td class=\"has-text-align-center\" data-align=\"center\"><a rel=\"noopener noreferrer\" href=\"https:\/\/archers91.fr\/wp-content\/uploads\/2012\/03\/CR-AG-janv2013.pdf\" target=\"_blank\">AG CDTAE-2012<\/a><\/td><\/tr><tr><td class=\"has-text-align-center\" data-align=\"center\">Compte-rendu d&rsquo;A.G.<\/td><td class=\"has-text-align-center\" data-align=\"center\">05\/10\/2012<\/td><td class=\"has-text-align-center\" data-align=\"center\"><a rel=\"noopener noreferrer\" href=\"https:\/\/archers91.fr\/wp-content\/uploads\/2012\/03\/AG_CDTAE-oct2012.pdf\" target=\"_blank\">AG CDTAE-2011<\/a><\/td><\/tr><tr><td class=\"has-text-align-center\" data-align=\"center\">Compte-rendu d&rsquo;A.G<\/td><td class=\"has-text-align-center\" data-align=\"center\">07\/10\/2011<\/td><td class=\"has-text-align-center\" data-align=\"center\">&nbsp;<a href=\"https:\/\/archers91.fr\/wp-content\/uploads\/2009\/09\/AG_CDTAE-20111007.pdf\" target=\"_blank\" rel=\"noopener noreferrer\">AG<\/a>&nbsp;&#8211;&nbsp;<a href=\"https:\/\/archers91.fr\/wp-content\/uploads\/2009\/09\/Tarif-location.pdf\" target=\"_blank\" rel=\"noopener noreferrer\">tarif<\/a><\/td><\/tr><tr><td class=\"has-text-align-center\" data-align=\"center\">Compte-rendu d&rsquo;A.&nbsp;G.<\/td><td class=\"has-text-align-center\" data-align=\"center\">08\/10\/2010<\/td><td class=\"has-text-align-center\" data-align=\"center\"><a href=\"https:\/\/archers91.fr\/wp-content\/uploads\/2009\/09\/AG-08-10-10.pdf\" target=\"_blank\" rel=\"noopener noreferrer\">AG&nbsp;<\/a>&#8211;<\/td><\/tr><tr><td class=\"has-text-align-center\" data-align=\"center\">Compte-rendu d&rsquo;A.G<\/td><td class=\"has-text-align-center\" data-align=\"center\">09\/10\/2009<\/td><td class=\"has-text-align-center\" data-align=\"center\"><figure><a href=\"https:\/\/archers91.fr\/wp-content\/uploads\/2009\/09\/AG-2009-CDTAE.pdf\" target=\"_blank\" rel=\"noopener noreferrer\"><img loading=\"lazy\" decoding=\"async\" title=\"pdf\" src=\"http:\/\/www.archers91.fr\/wordpress\/archers\/wp-content\/2009\/06\/pdf1-150x150.png\" alt=\"pdf\" width=\"22\" height=\"22\"><\/a><\/figure><\/td><\/tr><tr><td class=\"has-text-align-center\" data-align=\"center\">Compte-rendu d&rsquo;A.G<\/td><td class=\"has-text-align-center\" data-align=\"center\">03\/10\/2008<\/td><td class=\"has-text-align-center\" data-align=\"center\"><figure><a href=\"https:\/\/archers91.fr\/wp-content\/uploads\/2009\/09\/CRAG2008.pdf\" target=\"_blank\" rel=\"noopener noreferrer\"><img loading=\"lazy\" decoding=\"async\" title=\"pdf\" src=\"http:\/\/www.archers91.fr\/wordpress\/archers\/wp-content\/2009\/06\/pdf1-150x150.png\" alt=\"pdf\" width=\"22\" height=\"22\"><\/a><\/figure><\/td><\/tr><tr><td class=\"has-text-align-center\" data-align=\"center\">Annexe d&rsquo;A.G<\/td><td class=\"has-text-align-center\" data-align=\"center\">05\/10\/2007<\/td><td class=\"has-text-align-center\" data-align=\"center\"><figure><a href=\"https:\/\/archers91.fr\/wp-content\/uploads\/2009\/09\/AnnexeAG2007.ppt\" target=\"_blank\" rel=\"noopener noreferrer\"><img loading=\"lazy\" decoding=\"async\" title=\"pdf\" src=\"http:\/\/www.archers91.fr\/wordpress\/archers\/wp-content\/2009\/06\/pdf1-150x150.png\" alt=\"pdf\" width=\"22\" height=\"22\"><\/a><\/figure><\/td><\/tr><tr><td class=\"has-text-align-center\" data-align=\"center\">Compte-rendu d&rsquo;A.G<\/td><td class=\"has-text-align-center\" data-align=\"center\">05\/10\/2007<\/td><td class=\"has-text-align-center\" data-align=\"center\"><figure><a href=\"https:\/\/archers91.fr\/wp-content\/uploads\/2009\/09\/CRAG2007.pdf\" target=\"_blank\" rel=\"noopener noreferrer\"><img loading=\"lazy\" decoding=\"async\" title=\"pdf\" src=\"http:\/\/www.archers91.fr\/wordpress\/archers\/wp-content\/2009\/06\/pdf1-150x150.png\" alt=\"pdf\" width=\"22\" height=\"22\"><\/a><\/figure><\/td><\/tr><\/tbody><\/table><\/figure>\n","protected":false},"excerpt":{"rendered":"<p>Compte-rendu des r\u00e9unions du Comit\u00e9 Directeur : Titre Date T\u00e9l\u00e9charger compte-rendu de r\u00e9union 09 janvier 24 CR reunion-janv24 compte-rendu de r\u00e9union d\u00e9cembre 23 CR reunion-dec23 compte-rendu de r\u00e9union 14 novembre 23 CR reunion-nov23 compte-rendu de r\u00e9union 4 juillet 23 CR reunion CDTAE-juillet23 compte-rendu de r\u00e9union 7 juin 23 CR reunion CDTAE- juin23 compte-rendu de r\u00e9union [&hellip;]<\/p>\n","protected":false},"author":5,"featured_media":0,"parent":0,"menu_order":0,"comment_status":"closed","ping_status":"closed","template":"","meta":{"footnotes":""},"class_list":["post-21980","page","type-page","status-publish","hentry"],"_links":{"self":[{"href":"https:\/\/archers91.fr\/index.php?rest_route=\/wp\/v2\/pages\/21980","targetHints":{"allow":["GET"]}}],"collection":[{"href":"https:\/\/archers91.fr\/index.php?rest_route=\/wp\/v2\/pages"}],"about":[{"href":"https:\/\/archers91.fr\/index.php?rest_route=\/wp\/v2\/types\/page"}],"author":[{"embeddable":true,"href":"https:\/\/archers91.fr\/index.php?rest_route=\/wp\/v2\/users\/5"}],"replies":[{"embeddable":true,"href":"https:\/\/archers91.fr\/index.php?rest_route=%2Fwp%2Fv2%2Fcomments&post=21980"}],"version-history":[{"count":7,"href":"https:\/\/archers91.fr\/index.php?rest_route=\/wp\/v2\/pages\/21980\/revisions"}],"predecessor-version":[{"id":22181,"href":"https:\/\/archers91.fr\/index.php?rest_route=\/wp\/v2\/pages\/21980\/revisions\/22181"}],"wp:attachment":[{"href":"https:\/\/archers91.fr\/index.php?rest_route=%2Fwp%2Fv2%2Fmedia&parent=21980"}],"curies":[{"name":"wp","href":"https:\/\/api.w.org\/{rel}","templated":true}]}}