{"id":23901,"date":"2025-10-21T13:00:00","date_gmt":"2025-10-21T11:00:00","guid":{"rendered":"https:\/\/archers91.fr\/?page_id=23901"},"modified":"2025-12-14T21:53:49","modified_gmt":"2025-12-14T20:53:49","slug":"femina-duo-91","status":"publish","type":"page","link":"https:\/\/archers91.fr\/?page_id=23901","title":{"rendered":"Femina-Duo 91"},"content":{"rendered":"\n<p class=\"has-text-color has-link-color wp-elements-e98cbbc293fb86718462fcb79f281fca\" style=\"color:#de1fa5\"><strong>Deux arch\u00e8res, un duo, une cible !<\/strong><\/p>\n\n\n\n<div class=\"wp-block-columns is-layout-flex wp-container-core-columns-is-layout-9d6595d7 wp-block-columns-is-layout-flex\">\n<div class=\"wp-block-column is-layout-flow wp-block-column-is-layout-flow\" style=\"flex-basis:33.33%\"><div class=\"wp-block-image\">\n<figure class=\"aligncenter size-large is-resized\"><img loading=\"lazy\" decoding=\"async\" width=\"724\" height=\"1024\" src=\"https:\/\/archers91.fr\/wp-content\/uploads\/2025\/10\/FeminaDuo-Affiche-1-724x1024.png\" alt=\"\" class=\"wp-image-23978\" style=\"width:268px;height:auto\" srcset=\"https:\/\/archers91.fr\/wp-content\/uploads\/2025\/10\/FeminaDuo-Affiche-1-724x1024.png 724w, https:\/\/archers91.fr\/wp-content\/uploads\/2025\/10\/FeminaDuo-Affiche-1-212x300.png 212w, https:\/\/archers91.fr\/wp-content\/uploads\/2025\/10\/FeminaDuo-Affiche-1-768x1086.png 768w, https:\/\/archers91.fr\/wp-content\/uploads\/2025\/10\/FeminaDuo-Affiche-1-1086x1536.png 1086w, https:\/\/archers91.fr\/wp-content\/uploads\/2025\/10\/FeminaDuo-Affiche-1.png 1414w\" sizes=\"auto, (max-width: 724px) 100vw, 724px\" \/><\/figure>\n<\/div><\/div>\n\n\n\n<div class=\"wp-block-column is-layout-flow wp-block-column-is-layout-flow\" style=\"flex-basis:66.66%\">\n<p><\/p>\n\n\n\n<p class=\"has-text-color has-link-color wp-elements-7e2058fad4ddc091cf84ce6b6aa06d36\" style=\"color:#de1fa5\"><strong>C&rsquo;est quoi ?<\/strong><\/p>\n\n\n\n<p>Le Troph\u00e9e Femina-Duo 91 est une comp\u00e9tition 100% f\u00e9minine amicale et non s\u00e9lective. L\u2019int\u00e9gralit\u00e9 du Troph\u00e9e se d\u00e9roule en \u00e9quipe deux arch\u00e8res. Les d\u00e9guisements ne g\u00eanant pas le tir sont les bienvenus.<\/p>\n\n\n\n<p class=\"has-text-color has-link-color wp-elements-733f8a6194449b4ffbad916648067901\" style=\"color:#de1fa5\"><strong>C&rsquo;est quand et o\u00f9 ?<\/strong><\/p>\n\n\n\n<p>Le premier Troph\u00e9e Femina-Duo 91 se d\u00e9roulera le dimanche 14 d\u00e9cembre \u00e0 Saint-Vrain (91).<\/p>\n\n\n\n<p class=\"has-text-color has-link-color wp-elements-a79dde62e3e92597bf220b675f1ff52f\" style=\"color:#de1fa5\"><strong>Comment sont compos\u00e9es les \u00e9quipes ?<\/strong><\/p>\n\n\n\n<ul class=\"wp-block-list\">\n<li>2 arch\u00e8res : 1 jeune (U11 \u00e0 U15) + 1 adulte (U18 \u00e0 S3) avec licences FFTA valides<\/li>\n\n\n\n<li>Mixit\u00e9 clubs\/compagnies possible<\/li>\n\n\n\n<li>Ouvert \u00e0 toutes les armes<\/li>\n\n\n\n<li>Arcs \u00e0 poulies : 1 par \u00e9quipe maximum (par exemple : 1 CO + 1CL autoris\u00e9 ; 2 CO : non autoris\u00e9)<\/li>\n<\/ul>\n<\/div>\n<\/div>\n\n\n\n<div class=\"wp-block-columns is-layout-flex wp-container-core-columns-is-layout-9d6595d7 wp-block-columns-is-layout-flex\">\n<div class=\"wp-block-column is-layout-flow wp-block-column-is-layout-flow\">\n<p class=\"has-text-color has-link-color wp-elements-2e519cece74263a58e0f5b804303238f\" style=\"color:#de1fa5\"><strong>Comment se d\u00e9roule le Troph\u00e9e Femina-Duo 91 ?<\/strong><\/p>\n\n\n\n<p>Le Troph\u00e9e Femina-Duo 91 se d\u00e9roule en 2 phases :<\/p>\n\n\n\n<ul class=\"wp-block-list\">\n<li>6 vol\u00e9es de qualification<\/li>\n\n\n\n<li>Des matchs en montante \/ descendante sans \u00e9limination directe<\/li>\n<\/ul>\n<\/div>\n\n\n\n<div class=\"wp-block-column is-layout-flow wp-block-column-is-layout-flow\">\n<p class=\"has-text-color has-link-color wp-elements-92db3ce4fa4c30d76cca9747c5dc157d\" style=\"color:#de1fa5\"><strong>Comment s&rsquo;inscrire ?<\/strong><\/p>\n\n\n\n<p>L&rsquo;inscription se fait en ligne via le formulaire d&rsquo;inscription ci-dessous (avant le 7 d\u00e9cembre 2025).<br>Le paiement (12\u20ac par duo) se fait en ligne.<\/p>\n\n\n\n<p class=\"has-small-font-size\">La contribution \u00e0 HelloAsso n&rsquo;est pas obligatoire, vous pouvez la modifier ou l&rsquo;annuler.<\/p>\n<\/div>\n<\/div>\n\n\n\n<div class=\"wp-block-columns is-layout-flex wp-container-core-columns-is-layout-9d6595d7 wp-block-columns-is-layout-flex\">\n<div class=\"wp-block-column is-layout-flow wp-block-column-is-layout-flow\" style=\"flex-basis:100%\">\n<div class=\"wp-block-columns is-layout-flex wp-container-core-columns-is-layout-9d6595d7 wp-block-columns-is-layout-flex\">\n<div class=\"wp-block-column is-layout-flow wp-block-column-is-layout-flow\">\n<p class=\"has-text-color has-link-color wp-elements-577e5ebb26ad254112e6536e26779291\" style=\"color:#de1fa5\"><strong>Vous avez des questions ?<\/strong><\/p>\n\n\n\n<p>Vous pouvez nous contacter par mail : communication@archers91.fr<\/p>\n<\/div>\n\n\n\n<div class=\"wp-block-column is-layout-flow wp-block-column-is-layout-flow\">\n<p class=\"has-text-color has-link-color wp-elements-ad26fc1928442318b370a21b1b914648\" style=\"color:#de1fa5\"><strong>R\u00e8glement et mandat<\/strong><\/p>\n\n\n\n<div class=\"wp-block-file\"><a id=\"wp-block-file--media-dec05062-ec52-494c-973f-9f8229c5f738\" href=\"https:\/\/archers91.fr\/wp-content\/uploads\/2025\/10\/FeminaDuo-Reglement.pdf\" target=\"_blank\" rel=\"noreferrer noopener\">FeminaDuo &#8211; R\u00e8glement<\/a><\/div>\n\n\n\n<div class=\"wp-block-file\"><a id=\"wp-block-file--media-e5519fa2-cf9a-4cf3-960e-a7017fe19da3\" href=\"https:\/\/archers91.fr\/wp-content\/uploads\/2025\/10\/FeminaDuo-Mandat.pdf\" target=\"_blank\" rel=\"noreferrer noopener\">FeminaDuo &#8211; Mandat<\/a><\/div>\n<\/div>\n<\/div>\n<\/div>\n<\/div>\n\n\n\n<div class=\"wp-block-columns is-layout-flex wp-container-core-columns-is-layout-9d6595d7 wp-block-columns-is-layout-flex\">\n<div class=\"wp-block-column is-layout-flow wp-block-column-is-layout-flow\">\n<p class=\"has-text-color has-link-color wp-elements-9d8e79009cbe221a2d170672df9f1ea8\" style=\"color:#de1fa5\"><strong>Partenaires<\/strong><\/p>\n\n\n\n<figure class=\"wp-block-image size-large is-resized\"><img loading=\"lazy\" decoding=\"async\" width=\"1024\" height=\"290\" src=\"https:\/\/archers91.fr\/wp-content\/uploads\/2025\/10\/Logo-gold-archery-1024x290.jpg\" alt=\"\" class=\"wp-image-24015\" style=\"width:135px;height:auto\" srcset=\"https:\/\/archers91.fr\/wp-content\/uploads\/2025\/10\/Logo-gold-archery-1024x290.jpg 1024w, https:\/\/archers91.fr\/wp-content\/uploads\/2025\/10\/Logo-gold-archery-300x85.jpg 300w, https:\/\/archers91.fr\/wp-content\/uploads\/2025\/10\/Logo-gold-archery-768x218.jpg 768w, https:\/\/archers91.fr\/wp-content\/uploads\/2025\/10\/Logo-gold-archery.jpg 1114w\" sizes=\"auto, (max-width: 1024px) 100vw, 1024px\" \/><\/figure>\n<\/div>\n\n\n\n<div class=\"wp-block-column is-layout-flow wp-block-column-is-layout-flow\">\n<p class=\"has-text-color has-link-color wp-elements-583a120b51ae3569e31188072276d5e0\" style=\"color:#de1fa5\"><strong>R\u00e9sultats<\/strong><\/p>\n\n\n\n<p><a href=\"https:\/\/archers91.fr\/wp-content\/uploads\/2025\/12\/251214-FeminaDuo-Resultats.pdf\" data-type=\"attachment\" data-id=\"24175\" target=\"_blank\" rel=\"noreferrer noopener\">FeminaDuo &#8211; R\u00e9sultats<\/a><\/p>\n<\/div>\n<\/div>\n\n\n\n<h2 class=\"wp-block-heading has-text-color has-link-color wp-elements-4dec42c2581a2d13638cf40bab4b41db\" style=\"color:#de1fa5\"><strong>Formulaire d&rsquo;inscription<\/strong><\/h2>\n\n\n\n<iframe id=\"haWidget\" allowtransparency=\"true\" src=\"https:\/\/www.helloasso.com\/associations\/comite-departemental-de-tir-a-l-arc\/boutiques\/femina-duo\/widget\" style=\"width: 100%; border: none;\" onload=\"window.addEventListener( 'message', function(e) { const dataHeight = e.data.height; const haWidgetElement = document.getElementById('haWidget'); haWidgetElement.height = dataHeight + 'px'; } )\" ><\/iframe>\n","protected":false},"excerpt":{"rendered":"<p>Deux arch\u00e8res, un duo, une cible ! C&rsquo;est quoi ? Le Troph\u00e9e Femina-Duo 91 est une comp\u00e9tition 100% f\u00e9minine amicale et non s\u00e9lective. L\u2019int\u00e9gralit\u00e9 du Troph\u00e9e se d\u00e9roule en \u00e9quipe deux arch\u00e8res. Les d\u00e9guisements ne g\u00eanant pas le tir sont les bienvenus. C&rsquo;est quand et o\u00f9 ? Le premier Troph\u00e9e Femina-Duo 91 se d\u00e9roulera le [&hellip;]<\/p>\n","protected":false},"author":8,"featured_media":0,"parent":0,"menu_order":0,"comment_status":"closed","ping_status":"closed","template":"","meta":{"footnotes":""},"class_list":["post-23901","page","type-page","status-publish","hentry"],"_links":{"self":[{"href":"https:\/\/archers91.fr\/index.php?rest_route=\/wp\/v2\/pages\/23901","targetHints":{"allow":["GET"]}}],"collection":[{"href":"https:\/\/archers91.fr\/index.php?rest_route=\/wp\/v2\/pages"}],"about":[{"href":"https:\/\/archers91.fr\/index.php?rest_route=\/wp\/v2\/types\/page"}],"author":[{"embeddable":true,"href":"https:\/\/archers91.fr\/index.php?rest_route=\/wp\/v2\/users\/8"}],"replies":[{"embeddable":true,"href":"https:\/\/archers91.fr\/index.php?rest_route=%2Fwp%2Fv2%2Fcomments&post=23901"}],"version-history":[{"count":28,"href":"https:\/\/archers91.fr\/index.php?rest_route=\/wp\/v2\/pages\/23901\/revisions"}],"predecessor-version":[{"id":24178,"href":"https:\/\/archers91.fr\/index.php?rest_route=\/wp\/v2\/pages\/23901\/revisions\/24178"}],"wp:attachment":[{"href":"https:\/\/archers91.fr\/index.php?rest_route=%2Fwp%2Fv2%2Fmedia&parent=23901"}],"curies":[{"name":"wp","href":"https:\/\/api.w.org\/{rel}","templated":true}]}}