{"id":24107,"date":"2025-11-11T20:37:02","date_gmt":"2025-11-11T19:37:02","guid":{"rendered":"https:\/\/archers91.fr\/?page_id=24107"},"modified":"2025-11-11T20:41:12","modified_gmt":"2025-11-11T19:41:12","slug":"archives-2022-a-2025","status":"publish","type":"page","link":"https:\/\/archers91.fr\/?page_id=24107","title":{"rendered":"Archives 2022 \u00e0 2025"},"content":{"rendered":"\n<p><strong>Saison 2025 <\/strong>: \u00e0 Athis-Mons le 14 dec 2024<br>Mandat : <a href=\"https:\/\/archers91.fr\/wp-content\/uploads\/2024\/10\/mandat-TDM-dec24.pdf\" target=\"_blank\" rel=\"noreferrer noopener\">pdf<\/a><\/p>\n\n\n\n<p><strong>R\u00e9sultats 2024 :<\/strong> \u00e0 Athis-Mons le 16 d\u00e9c. 2023 &#8211; <a href=\"https:\/\/archers91.fr\/wp-content\/uploads\/2023\/11\/Inscrits-TDM-91-2024-.pdf\" target=\"_blank\" rel=\"noreferrer noopener\">pdf<\/a><br>Arcs classiques : Morangis- Egly &#8211; Etampes- Athis-Mons &#8211;<br>Massy 1 et 2 -Orsay<br>Arcs \u00e0 poulies : Morangis 1 et 2 &#8211; Etampes &#8211; Athis-Mons 1 et 2 &#8211; Draveil-s\u00e9nart<\/p>\n\n\n\n<p>-tirs de qualifications : <a href=\"https:\/\/archers91.fr\/wp-content\/uploads\/2024\/04\/resultats-CL-TDM24-CD91.pdf\" target=\"_blank\" rel=\"noreferrer noopener\">Classique<\/a> &#8211; <a href=\"https:\/\/archers91.fr\/wp-content\/uploads\/2024\/04\/resultats-Co-TDM24-CD91.pdf\" target=\"_blank\" rel=\"noreferrer noopener\">Poulies<\/a><\/p>\n\n\n\n<p>-matchs : <a href=\"https:\/\/archers91.fr\/wp-content\/uploads\/2023\/12\/Duels-TDM-dec23.pdf\" target=\"_blank\" rel=\"noreferrer noopener\">pdf<\/a><br>-r\u00e9sultats des poules : <a href=\"https:\/\/archers91.fr\/wp-content\/uploads\/2023\/12\/Resultats-poules-TDM2024.pdf\" target=\"_blank\" rel=\"noreferrer noopener\">pdf<\/a><\/p>\n\n\n\n<p><\/p>\n\n\n\n<p><strong>R\u00e9sultats 2023<\/strong> \u00e0 Athis-Mons le samedi 17 dec 2022 :<br>-tirs de qualification : <a rel=\"noreferrer noopener\" href=\"https:\/\/archers91.fr\/wp-content\/uploads\/2022\/12\/resultats-qualifs-TDM23.pdf\" target=\"_blank\">pdf<\/a><br>-match en montante\/descendante : <a rel=\"noreferrer noopener\" href=\"https:\/\/archers91.fr\/wp-content\/uploads\/2022\/12\/resultats-matchs-TDM23.pdf\" target=\"_blank\">pdf<\/a><br>-resultats des poules : <a rel=\"noreferrer noopener\" href=\"https:\/\/archers91.fr\/wp-content\/uploads\/2022\/12\/resultats-poule-1.pdf\" target=\"_blank\">pdf1<\/a> &#8211; <a rel=\"noreferrer noopener\" href=\"https:\/\/archers91.fr\/wp-content\/uploads\/2022\/12\/resultats-poule-2.pdf\" target=\"_blank\">pdf2<\/a> &#8211;<a rel=\"noreferrer noopener\" href=\"https:\/\/archers91.fr\/wp-content\/uploads\/2022\/12\/resultats-poule-3.pdf\" target=\"_blank\">pdf3 <\/a>&#8211;<a rel=\"noreferrer noopener\" href=\"https:\/\/archers91.fr\/wp-content\/uploads\/2022\/12\/resultats-poule-4.pdf\" target=\"_blank\">pdf4 <\/a>&#8211;<a rel=\"noreferrer noopener\" href=\"https:\/\/archers91.fr\/wp-content\/uploads\/2022\/12\/resultats-poule-Poulies.pdf\" target=\"_blank\">pdf poulies<\/a><\/p>\n\n\n\n<figure class=\"wp-block-gallery has-nested-images columns-default is-cropped wp-block-gallery-1 is-layout-flex wp-block-gallery-is-layout-flex\">\n<figure class=\"wp-block-image size-large\"><img decoding=\"async\" data-id=\"20219\" src=\"https:\/\/archers91.fr\/wp-content\/uploads\/2022\/12\/20221217_172028-1024x1024.jpg\" alt=\"\" class=\"wp-image-20219\"\/><\/figure>\n\n\n\n<figure class=\"wp-block-image size-large\"><img decoding=\"async\" data-id=\"20220\" src=\"https:\/\/archers91.fr\/wp-content\/uploads\/2022\/12\/20221217_172039-1024x1024.jpg\" alt=\"\" class=\"wp-image-20220\"\/><\/figure>\n\n\n\n<figure class=\"wp-block-image size-large\"><img decoding=\"async\" data-id=\"20221\" src=\"https:\/\/archers91.fr\/wp-content\/uploads\/2022\/12\/20221217_172105-1024x1024.jpg\" alt=\"\" class=\"wp-image-20221\"\/><\/figure>\n\n\n\n<figure class=\"wp-block-image size-large\"><img decoding=\"async\" data-id=\"20222\" src=\"https:\/\/archers91.fr\/wp-content\/uploads\/2022\/12\/20221217_172109-1024x1024.jpg\" alt=\"\" class=\"wp-image-20222\"\/><\/figure>\n\n\n\n<figure class=\"wp-block-image size-large\"><img decoding=\"async\" data-id=\"20223\" src=\"https:\/\/archers91.fr\/wp-content\/uploads\/2022\/12\/20221217_172531-1024x1024.jpg\" alt=\"\" class=\"wp-image-20223\"\/><\/figure>\n\n\n\n<figure class=\"wp-block-image size-large\"><img decoding=\"async\" data-id=\"20224\" src=\"https:\/\/archers91.fr\/wp-content\/uploads\/2022\/12\/IMG-20221217-WA0003-1024x768.jpg\" alt=\"\" class=\"wp-image-20224\"\/><\/figure>\n\n\n\n<figure class=\"wp-block-image size-large\"><img decoding=\"async\" data-id=\"20225\" src=\"https:\/\/archers91.fr\/wp-content\/uploads\/2022\/12\/IMG-20221217-WA0004-1024x768.jpg\" alt=\"\" class=\"wp-image-20225\"\/><\/figure>\n\n\n\n<figure class=\"wp-block-image size-large\"><img decoding=\"async\" data-id=\"20226\" src=\"https:\/\/archers91.fr\/wp-content\/uploads\/2022\/12\/IMG-20221217-WA0005-1024x768.jpg\" alt=\"\" class=\"wp-image-20226\"\/><\/figure>\n\n\n\n<figure class=\"wp-block-image size-large\"><img decoding=\"async\" data-id=\"20227\" src=\"https:\/\/archers91.fr\/wp-content\/uploads\/2022\/12\/IMG-20221217-WA0006-1024x768.jpg\" alt=\"\" class=\"wp-image-20227\"\/><\/figure>\n\n\n\n<figure class=\"wp-block-image size-large\"><img decoding=\"async\" data-id=\"20228\" src=\"https:\/\/archers91.fr\/wp-content\/uploads\/2022\/12\/IMG-20221217-WA0007-1024x768.jpg\" alt=\"\" class=\"wp-image-20228\"\/><\/figure>\n\n\n\n<figure class=\"wp-block-image size-large\"><img decoding=\"async\" data-id=\"20229\" src=\"https:\/\/archers91.fr\/wp-content\/uploads\/2022\/12\/IMG-20221217-WA0008-1024x768.jpg\" alt=\"\" class=\"wp-image-20229\"\/><\/figure>\n\n\n\n<figure class=\"wp-block-image size-large\"><img decoding=\"async\" data-id=\"20230\" src=\"https:\/\/archers91.fr\/wp-content\/uploads\/2022\/12\/IMG-20221217-WA0009-1024x768.jpg\" alt=\"\" class=\"wp-image-20230\"\/><\/figure>\n\n\n\n<figure class=\"wp-block-image size-large\"><img decoding=\"async\" data-id=\"20231\" src=\"https:\/\/archers91.fr\/wp-content\/uploads\/2022\/12\/20221217_194820-1024x1024.jpg\" alt=\"\" class=\"wp-image-20231\"\/><\/figure>\n\n\n\n<figure class=\"wp-block-image size-large\"><img decoding=\"async\" data-id=\"20232\" src=\"https:\/\/archers91.fr\/wp-content\/uploads\/2022\/12\/20221217_195056-1024x1024.jpg\" alt=\"\" class=\"wp-image-20232\"\/><\/figure>\n\n\n\n<figure class=\"wp-block-image size-large\"><img decoding=\"async\" data-id=\"20237\" src=\"https:\/\/archers91.fr\/wp-content\/uploads\/2022\/12\/20221217_195219-2-1024x497.jpg\" alt=\"\" class=\"wp-image-20237\"\/><\/figure>\n<\/figure>\n\n\n\n<p><\/p>\n\n\n\n<p><strong>R\u00e9sultats 2022<\/strong> le samedi 18 d\u00e9c. 2021 \u00e0 Athis-Mons  :<br>Arc Classique et arcs \u00e0 poulies<br>R\u00e9sultats : <a rel=\"noreferrer noopener\" href=\"https:\/\/archers91.fr\/wp-content\/uploads\/2021\/12\/TDM-2022-91.pdf\" target=\"_blank\">pdf<\/a><\/p>\n\n\n\n<figure class=\"wp-block-image size-large\"><img loading=\"lazy\" decoding=\"async\" width=\"1024\" height=\"683\" src=\"https:\/\/archers91.fr\/wp-content\/uploads\/2022\/01\/tdm91_dec21-1024x683.jpg\" alt=\"\" class=\"wp-image-18946\" srcset=\"https:\/\/archers91.fr\/wp-content\/uploads\/2022\/01\/tdm91_dec21-1024x683.jpg 1024w, https:\/\/archers91.fr\/wp-content\/uploads\/2022\/01\/tdm91_dec21-300x200.jpg 300w, https:\/\/archers91.fr\/wp-content\/uploads\/2022\/01\/tdm91_dec21-768x512.jpg 768w, https:\/\/archers91.fr\/wp-content\/uploads\/2022\/01\/tdm91_dec21-1536x1024.jpg 1536w, https:\/\/archers91.fr\/wp-content\/uploads\/2022\/01\/tdm91_dec21.jpg 2048w\" sizes=\"auto, (max-width: 1024px) 100vw, 1024px\" \/><\/figure>\n\n\n\n<p>R\u00e8glement : <a href=\"https:\/\/archers91.fr\/wp-content\/uploads\/2021\/11\/tdm_2022_reglement_oct21.pdf\" target=\"_blank\" rel=\"noreferrer noopener\">tdm_2022_reglement<\/a><\/p>\n\n\n\n<p><\/p>\n","protected":false},"excerpt":{"rendered":"<p>Saison 2025 : \u00e0 Athis-Mons le 14 dec 2024Mandat : pdf R\u00e9sultats 2024 : \u00e0 Athis-Mons le 16 d\u00e9c. 2023 &#8211; pdfArcs classiques : Morangis- Egly &#8211; Etampes- Athis-Mons &#8211;Massy 1 et 2 -OrsayArcs \u00e0 poulies : Morangis 1 et 2 &#8211; Etampes &#8211; Athis-Mons 1 et 2 &#8211; Draveil-s\u00e9nart -tirs de qualifications : Classique [&hellip;]<\/p>\n","protected":false},"author":8,"featured_media":0,"parent":0,"menu_order":0,"comment_status":"closed","ping_status":"closed","template":"","meta":{"footnotes":""},"class_list":["post-24107","page","type-page","status-publish","hentry"],"_links":{"self":[{"href":"https:\/\/archers91.fr\/index.php?rest_route=\/wp\/v2\/pages\/24107","targetHints":{"allow":["GET"]}}],"collection":[{"href":"https:\/\/archers91.fr\/index.php?rest_route=\/wp\/v2\/pages"}],"about":[{"href":"https:\/\/archers91.fr\/index.php?rest_route=\/wp\/v2\/types\/page"}],"author":[{"embeddable":true,"href":"https:\/\/archers91.fr\/index.php?rest_route=\/wp\/v2\/users\/8"}],"replies":[{"embeddable":true,"href":"https:\/\/archers91.fr\/index.php?rest_route=%2Fwp%2Fv2%2Fcomments&post=24107"}],"version-history":[{"count":4,"href":"https:\/\/archers91.fr\/index.php?rest_route=\/wp\/v2\/pages\/24107\/revisions"}],"predecessor-version":[{"id":24113,"href":"https:\/\/archers91.fr\/index.php?rest_route=\/wp\/v2\/pages\/24107\/revisions\/24113"}],"wp:attachment":[{"href":"https:\/\/archers91.fr\/index.php?rest_route=%2Fwp%2Fv2%2Fmedia&parent=24107"}],"curies":[{"name":"wp","href":"https:\/\/api.w.org\/{rel}","templated":true}]}}