{"id":24567,"date":"2026-04-16T13:13:34","date_gmt":"2026-04-16T11:13:34","guid":{"rendered":"https:\/\/archers91.fr\/?page_id=24567"},"modified":"2026-04-16T13:40:40","modified_gmt":"2026-04-16T11:40:40","slug":"records-de-lessonne-2","status":"publish","type":"page","link":"https:\/\/archers91.fr\/?page_id=24567","title":{"rendered":"Records de l&rsquo;Essonne"},"content":{"rendered":"\n<p>Les records de l&rsquo;Essonne sont d\u00e9sormais automatiquement calcul\u00e9s \u00e0 partir des scores remont\u00e9s \u00e0 la FFTA.<\/p>\n\n\n\n<p>Cette simplification permet de maintenir des scores \u00e0 jour et d&rsquo;\u00e9viter les erreurs de saisie. En effet, certains records ne sont pas d\u00e9clar\u00e9s et d&rsquo;autres d\u00e9clar\u00e9s alors que le score a \u00e9t\u00e9 battu il y a plusieurs ann\u00e9es.<\/p>\n\n\n\n<p>Pour les records de France ou r\u00e9gionaux, merci de vous r\u00e9f\u00e9rer \u00e0 la proc\u00e9dure mise en place par ces instances.<\/p>\n\n\n\n<p>La mise \u00e0 jour est effectu\u00e9e <strong>le mercredi<\/strong> afin de prendre en compte les scores du week-end pr\u00e9c\u00e9dent.<\/p>\n\n\n\n<h2 class=\"wp-block-heading\">Records par discipline<\/h2>\n\n\n\n<figure class=\"wp-block-table aligncenter is-style-stripes\"><table><tbody><tr><td class=\"has-text-align-center\" data-align=\"center\"><a href=\"https:\/\/archers91.fr\/wp-content\/uploads\/2026\/04\/salle.html\" data-type=\"attachment\" data-id=\"24533\" target=\"_blank\" rel=\"noreferrer noopener\">Tir \u00e0 18m<\/a><\/td><td class=\"has-text-align-center\" data-align=\"center\"><a href=\"https:\/\/archers91.fr\/wp-content\/uploads\/2026\/04\/para_salle.html\" data-type=\"attachment\" data-id=\"24531\" target=\"_blank\" rel=\"noreferrer noopener\">Para-tir \u00e0 18m<\/a><\/td><td class=\"has-text-align-center\" data-align=\"center\"><a href=\"https:\/\/archers91.fr\/wp-content\/uploads\/2026\/04\/nature.html\" data-type=\"attachment\" data-id=\"24530\" target=\"_blank\" rel=\"noreferrer noopener\">Tir nature<\/a><\/td><\/tr><tr><td class=\"has-text-align-center\" data-align=\"center\"><a href=\"https:\/\/archers91.fr\/wp-content\/uploads\/2026\/04\/tae.html\" data-type=\"attachment\" data-id=\"24534\" target=\"_blank\" rel=\"noreferrer noopener\">TAE<\/a><\/td><td class=\"has-text-align-center\" data-align=\"center\"><a href=\"https:\/\/archers91.fr\/wp-content\/uploads\/2026\/04\/para_tae.json\" data-type=\"attachment\" data-id=\"24564\" target=\"_blank\" rel=\"noreferrer noopener\">Para-TAE<\/a><\/td><td class=\"has-text-align-center\" data-align=\"center\"><a href=\"https:\/\/archers91.fr\/wp-content\/uploads\/2026\/04\/3D.html\" data-type=\"attachment\" data-id=\"24527\" target=\"_blank\" rel=\"noreferrer noopener\">Tir 3D<\/a><\/td><\/tr><tr><td class=\"has-text-align-center\" data-align=\"center\"><a href=\"https:\/\/archers91.fr\/wp-content\/uploads\/2026\/04\/beursault.html\" data-type=\"attachment\" data-id=\"24528\" target=\"_blank\" rel=\"noreferrer noopener\">Beursault<\/a><\/td><td class=\"has-text-align-center\" data-align=\"center\"><\/td><td class=\"has-text-align-center\" data-align=\"center\"><a href=\"https:\/\/archers91.fr\/wp-content\/uploads\/2026\/04\/campagne.html\" data-type=\"attachment\" data-id=\"24529\" target=\"_blank\" rel=\"noreferrer noopener\">Tir campagne<\/a><\/td><\/tr><\/tbody><\/table><\/figure>\n\n\n\n<h2 class=\"wp-block-heading\">M\u00e9thodologie<\/h2>\n\n\n\n<ul class=\"wp-block-list\">\n<li>Les anciennes cat\u00e9gories (poussin \u00e0 S3) sont converties en U11 \u00e0 S3<\/li>\n\n\n\n<li>Pas de classement scratch, la cat\u00e9gorie de l&rsquo;archer est utilis\u00e9e (en cours de modification)<\/li>\n\n\n\n<li>Pour le parcours:\n<ul class=\"wp-block-list\">\n<li>Les formules de tir sont aggr\u00e9g\u00e9es par nombre de cibles.\n<ul class=\"wp-block-list\">\n<li>Campagne : 2&#215;12 ou 24 cibles (inconnues, connues m\u00e9lang\u00e9es).<\/li>\n\n\n\n<li>Nature :  42 ou 21 cibles<\/li>\n\n\n\n<li>3D :  40 ou 24 cibles<\/li>\n<\/ul>\n<\/li>\n<\/ul>\n<\/li>\n\n\n\n<li>En salle : \n<ul class=\"wp-block-list\">\n<li>pour la formule \u00ab\u00a02&#215;25+2x18m\u00a0\u00bb, le score 2&#215;18 et le score 2&#215;25 sont utilis\u00e9s pour les records dans les formules de tir respectives.<\/li>\n\n\n\n<li>Pour les formules 2&#215;18 et 2&#215;25, les records par demi-serie sont aussi calcul\u00e9s <\/li>\n<\/ul>\n<\/li>\n<\/ul>\n","protected":false},"excerpt":{"rendered":"<p>Les records de l&rsquo;Essonne sont d\u00e9sormais automatiquement calcul\u00e9s \u00e0 partir des scores remont\u00e9s \u00e0 la FFTA. Cette simplification permet de maintenir des scores \u00e0 jour et d&rsquo;\u00e9viter les erreurs de saisie. En effet, certains records ne sont pas d\u00e9clar\u00e9s et d&rsquo;autres d\u00e9clar\u00e9s alors que le score a \u00e9t\u00e9 battu il y a plusieurs ann\u00e9es. Pour [&hellip;]<\/p>\n","protected":false},"author":5,"featured_media":0,"parent":0,"menu_order":0,"comment_status":"closed","ping_status":"closed","template":"","meta":{"footnotes":""},"class_list":["post-24567","page","type-page","status-publish","hentry"],"_links":{"self":[{"href":"https:\/\/archers91.fr\/index.php?rest_route=\/wp\/v2\/pages\/24567","targetHints":{"allow":["GET"]}}],"collection":[{"href":"https:\/\/archers91.fr\/index.php?rest_route=\/wp\/v2\/pages"}],"about":[{"href":"https:\/\/archers91.fr\/index.php?rest_route=\/wp\/v2\/types\/page"}],"author":[{"embeddable":true,"href":"https:\/\/archers91.fr\/index.php?rest_route=\/wp\/v2\/users\/5"}],"replies":[{"embeddable":true,"href":"https:\/\/archers91.fr\/index.php?rest_route=%2Fwp%2Fv2%2Fcomments&post=24567"}],"version-history":[{"count":14,"href":"https:\/\/archers91.fr\/index.php?rest_route=\/wp\/v2\/pages\/24567\/revisions"}],"predecessor-version":[{"id":24584,"href":"https:\/\/archers91.fr\/index.php?rest_route=\/wp\/v2\/pages\/24567\/revisions\/24584"}],"wp:attachment":[{"href":"https:\/\/archers91.fr\/index.php?rest_route=%2Fwp%2Fv2%2Fmedia&parent=24567"}],"curies":[{"name":"wp","href":"https:\/\/api.w.org\/{rel}","templated":true}]}}