{"id":336,"date":"2009-09-01T18:58:14","date_gmt":"2009-09-01T16:58:14","guid":{"rendered":"http:\/\/www.archers91.fr\/wordpress\/archers\/?page_id=336"},"modified":"2025-10-21T11:33:28","modified_gmt":"2025-10-21T09:33:28","slug":"entraineur-1","status":"publish","type":"page","link":"https:\/\/archers91.fr\/?page_id=336","title":{"rendered":"Formations F\u00e9d\u00e9rales"},"content":{"rendered":"<p><strong>\u00a0Pour les formations f\u00e9d\u00e9rales : inscription par l&rsquo;archer lui-m\u00eame <\/strong>sur son espace licenci\u00e9 sur l&rsquo;intranet FFTA : \u00ab\u00a0s&rsquo;inscrire \u00e0 une formation\u00a0\u00bb &#8211; <a href=\"https:\/\/archers91.fr\/wp-content\/uploads\/2018\/09\/inscription-formation-FFTA.pdf\" target=\"_blank\" rel=\"noopener noreferrer\">protocole<\/a><br \/>inscription : <a href=\"https:\/\/monespace.ffta.fr\/auth\/login\" target=\"_blank\" rel=\"noopener\">lien<\/a><\/p>\n<p><a href=\"http:\/\/www.tiralarcidf.com\/document-4043.html\">Programme r\u00e9gional des formations 25-26<\/a><\/p>\n<p><span style=\"text-decoration: underline;\"><strong><span style=\"color: #0000ff; text-decoration: underline;\">Formation continue E1<\/span> :<\/strong><\/span><br \/>Une remise \u00e0 niveau est propos\u00e9e aux Entra\u00eeneurs 1. Session de 7 h de formation au tarif de 30 \u20ac par personne.<\/p>\n<p>Prochaine formation continue\u00a0 : de 9h \u00e0 18h dans nos locaux \u00e0 Corbeil.<b><\/b><br \/>Th\u00e8me U11 :\u00a0 8 nov 2025 (formation n\u00b06400)<\/p>\n<p>Sur inscription sur votre espace licenci\u00e9 FFTA (gestion sportive\/s&rsquo;inscrire \u00e0 une formation )<\/p>\n<p><span style=\"text-decoration: underline; color: #0000ff;\"><strong>ENCADRANT FEDERAL<br \/><\/strong><\/span>Conditions : \u00eatre licenci\u00e9 FFTA, avoir 16 ans minimum \u00e0 la date de formation, et avoir 2 ann\u00e9es cons\u00e9cutives de licence FFTA (attendre le 1er sept pour s&rsquo;inscrire).<br \/>Champs des activit\u00e9s : Apprentissage des d\u00e9butants jusqu&rsquo;au niveau 1 de l&rsquo;Entra\u00eeneur f\u00e9d\u00e9ral. Session de 16h minimum.<br \/>Mise en \u0153uvre : Organisation d\u00e9l\u00e9gu\u00e9e aux comit\u00e9s r\u00e9gionaux ( contenu ,choix du cadre formateur) <u>puis r\u00e9alis\u00e9es dans les comit\u00e9s d\u00e9partementaux &#8211;<\/u> Pas d\u2019examen &#8211; \u00a0Attestation d\u00e9livr\u00e9e par les comit\u00e9s r\u00e9gionaux &#8211; Pas de limite de validit\u00e9 temporelle \u00e0 cette attestation<\/p>\n<p>Tarif = 60 \u20ac<\/p>\n<p><strong>Dates\u00a0<\/strong>:\u00a0 (9 \u00e0 18h)\u00a0<br \/>session 1 : 13 sept &#8211; 20 sept et 4 octobre 2025\u00a0 &#8211; Complet (formation n\u00b0 6381)<br \/>session 2 : 14 mars- 28 mars et 4 avril 2026\u00a0 \u00a0&#8211; Complet (formation n\u00b0 6382)<\/p>\n<p>Sur inscription sur votre espace licenci\u00e9 FFTA (gestion sportive\/s&rsquo;inscrire \u00e0 une formation)<\/p>\n<p><span style=\"text-decoration: underline; color: #0000ff;\"><strong>ENTRAINEUR FEDERAL<br \/><\/strong><\/span><\/p>\n<p>Conditions d&rsquo;acc\u00e8s : \u00e0 partir de 16 ans.\u00a0 Avoir les quotas de performance dans une discipline sur une saison<br \/>Session de 48 h &#8211; de septembre \u00e0 mars avec examen en avril avec 3 \u00e9preuves d&rsquo;1,5 h.<\/p>\n<p><strong>Prochaine formation session <\/strong>\u00a0: Organis\u00e9e par le Comit\u00e9 R\u00e9gional, en Ile de France ou Chennevi\u00e8res sur marne + peda en 1\/2 journ\u00e9e\u00a0 \u00a0\u00a0<\/p>\n<p>Participer \u00e0 l\u2019int\u00e9gration des d\u00e9butants dans le milieu associatif. Au sein de l\u2019\u00e9quipe technique du club (BEES et\/ou cadres f\u00e9d\u00e9raux), le titulaire du dipl\u00f4me d\u2019Entra\u00eeneur F\u00e9d\u00e9ral contribue \u00e0 la formation initiale des archers dans les clubs affili\u00e9s \u00e0 la FFTA. A ce titre, directement ou en collaboration avec les cadres et les dirigeants du club, l\u2019Entra\u00eeneur F\u00e9d\u00e9ral exercera les activit\u00e9s suivantes :<\/p>\n<ul>\n<li>Initier les d\u00e9butants \u00e0 la pratique du tir \u00e0 l\u2019arc, puis les emmener en comp\u00e9tition.<\/li>\n<li>G\u00e9rer le mat\u00e9riel d\u2019initiation mis \u00e0 sa disposition.<\/li>\n<li>Participer \u00e0 l\u2019animation de la vie du club.<\/li>\n<li>Veiller \u00e0 la s\u00e9curit\u00e9 des pratiquants, des tiers et du lieu de pratique.<\/li>\n<\/ul>\n<p>Les domaines :<br \/>ASSOCIATIF : L\u2019Entra\u00eeneur F\u00e9d\u00e9ral met en \u0153uvre son plan d\u2019entrainement, au sein d\u2019une \u00e9quipe d\u2019acteurs dans le cadre d\u2019un projet associatif.<br \/>SECURITE : L\u2019Entra\u00eeneur F\u00e9d\u00e9ral met en \u0153uvre une pratique en toute s\u00e9curit\u00e9 pour les pratiquants et les tiers.<br \/>ENTRAINEMENT : Ce domaine se caract\u00e9rise par la capacit\u00e9 \u00e0 mettre en \u0153uvre un plan d\u2019entrainement adapt\u00e9 aux besoins de son public, selon une m\u00e9thodologie d\u00e9finie. Le but \u00e9tant de d\u00e9velopper des habilit\u00e9s en vue de produire une performance en comp\u00e9tition.<br \/>PERFORMANCE : Ce domaine correspond \u00e0 la capacit\u00e9 \u00e0 accompagner l\u2019archer dans la production de sa performance<\/p>\n<p>Il est important de souligner le r\u00f4le d\u00e9terminant de l\u2019Entra\u00eeneur F\u00e9d\u00e9ral dans l\u2019approche que pourront avoir les d\u00e9butants de la pratique du tir \u00e0 l\u2019arc. Par les choix qu\u2019il effectue, il entretient directement la motivation de l\u2019archer d\u00e9butant. Il a ainsi une influence directe sur la probabilit\u00e9 d\u2019une pratique durable aupr\u00e8s des archers initi\u00e9s. Il est donc important de bien d\u00e9limiter et reconna\u00eetre son r\u00f4le et sa participation \u00e0 la vie du club.<\/p>\n<p><span style=\"text-decoration: underline;\">Conditions d\u2019acc\u00e8s<\/span> : avoir 16 ans r\u00e9volus au 1er jour de la formation, justifier d&rsquo;une pratique comp\u00e9titive en figurant ou en ayant figur\u00e9 dans le classement national d&rsquo;une discipline internationale et avoir une moyenne de 3 comp\u00e9titions sup\u00e9rieure ou \u00e9gale aux minimas suivant :<\/p>\n<table style=\"border-collapse: collapse; width: 420pt;\" border=\"0\" width=\"560\" cellspacing=\"0\" cellpadding=\"0\"><colgroup> <col style=\"width: 60pt;\" span=\"7\" width=\"80\" \/> <\/colgroup>\n<tbody>\n<tr style=\"height: 18.75pt;\">\n<td class=\"xl67\" style=\"height: 18.75pt; width: 60pt;\" width=\"80\" height=\"25\"><span style=\"text-decoration: underline;\"><strong>quotas<\/strong><\/span><\/td>\n<td class=\"xl64\" style=\"border-left: none; width: 120pt; text-align: center;\" colspan=\"2\" width=\"160\"><strong>classique<\/strong><\/td>\n<td class=\"xl64\" style=\"border-left: none; width: 120pt; text-align: center;\" colspan=\"2\" width=\"160\"><strong>poulies<\/strong><\/td>\n<td class=\"xl64\" style=\"border-left: none; width: 120pt; text-align: center;\" colspan=\"2\" width=\"160\"><strong>barebow<\/strong><\/td>\n<\/tr>\n<tr style=\"height: 18.75pt;\">\n<td class=\"xl63\" style=\"height: 18.75pt; border-top: none;\" height=\"25\">\u00a0<\/td>\n<td class=\"xl64\" style=\"border-top: none; border-left: none; text-align: center;\">H<\/td>\n<td class=\"xl64\" style=\"border-top: none; border-left: none; text-align: center;\">F<\/td>\n<td class=\"xl64\" style=\"border-top: none; border-left: none; text-align: center;\">H<\/td>\n<td class=\"xl64\" style=\"border-top: none; border-left: none; text-align: center;\">F<\/td>\n<td class=\"xl64\" style=\"border-top: none; border-left: none; text-align: center;\">H<\/td>\n<td class=\"xl66\" style=\"border-top: none; border-left: none; text-align: center;\">F<\/td>\n<\/tr>\n<tr style=\"height: 18.75pt;\">\n<td class=\"xl66\" style=\"height: 18.75pt; border-top: none;\" height=\"25\"><strong>salle<\/strong><\/td>\n<td class=\"xl66\" style=\"border-top: none; border-left: none; text-align: center;\">500<\/td>\n<td class=\"xl66\" style=\"border-top: none; border-left: none; text-align: center;\">475<\/td>\n<td class=\"xl66\" style=\"border-top: none; border-left: none; text-align: center;\">540<\/td>\n<td class=\"xl66\" style=\"border-top: none; border-left: none; text-align: center;\">520<\/td>\n<td class=\"xl66\" style=\"border-top: none; border-left: none; text-align: center;\">450<\/td>\n<td class=\"xl66\" style=\"border-top: none; border-left: none; text-align: center;\">425<\/td>\n<\/tr>\n<tr style=\"height: 18.75pt;\">\n<td class=\"xl66\" style=\"height: 18.75pt; border-top: none;\" height=\"25\"><strong>Fita<\/strong><\/td>\n<td class=\"xl66\" style=\"border-top: none; border-left: none; text-align: center;\">520<\/td>\n<td class=\"xl66\" style=\"border-top: none; border-left: none; text-align: center;\">500<\/td>\n<td class=\"xl66\" style=\"border-top: none; border-left: none; text-align: center;\">625<\/td>\n<td class=\"xl66\" style=\"border-top: none; border-left: none; text-align: center;\">600<\/td>\n<td class=\"xl66\" style=\"border-top: none; border-left: none; text-align: center;\">\u00a0<\/td>\n<td class=\"xl66\" style=\"border-top: none; border-left: none; text-align: center;\">\u00a0<\/td>\n<\/tr>\n<tr style=\"height: 18.75pt;\">\n<td class=\"xl66\" style=\"height: 18.75pt; border-top: none;\" height=\"25\"><strong>campagne<\/strong><\/td>\n<td class=\"xl66\" style=\"border-top: none; border-left: none; text-align: center;\">280<\/td>\n<td class=\"xl66\" style=\"border-top: none; border-left: none; text-align: center;\">250<\/td>\n<td class=\"xl66\" style=\"border-top: none; border-left: none; text-align: center;\">350<\/td>\n<td class=\"xl66\" style=\"border-top: none; border-left: none; text-align: center;\">330<\/td>\n<td class=\"xl66\" style=\"border-top: none; border-left: none; text-align: center;\">260<\/td>\n<td class=\"xl66\" style=\"border-top: none; border-left: none; text-align: center;\">240<\/td>\n<\/tr>\n<tr>\n<td style=\"border-top: none;\">\u00a0<\/td>\n<td style=\"border-top: none; border-left: none; text-align: center;\" colspan=\"2\"><strong>\u00a0<\/strong><\/td>\n<td style=\"border-top: none; border-left: none; text-align: center;\" colspan=\"2\"><strong>\u00a0<\/strong><\/td>\n<td style=\"border-top: none; border-left: none; text-align: center;\" colspan=\"2\"><strong>\u00a0<\/strong><\/td>\n<\/tr>\n<tr>\n<td style=\"border-top: none;\">\u00a0<\/td>\n<td style=\"border-top: none; border-left: none; text-align: center;\" colspan=\"2\"><strong>arc chasse\/ droit<\/strong><\/td>\n<td style=\"border-top: none; border-left: none; text-align: center;\" colspan=\"2\"><strong>avec viseur<\/strong><\/td>\n<td style=\"border-top: none; border-left: none; text-align: center;\" colspan=\"2\"><strong>sans viseur<\/strong><\/td>\n<\/tr>\n<tr>\n<td style=\"border-top: none;\">\u00a0<\/td>\n<td style=\"border-top: none; border-left: none; text-align: center;\">H<\/td>\n<td style=\"border-top: none; border-left: none; text-align: center;\">F<\/td>\n<td style=\"border-top: none; border-left: none; text-align: center;\">H<\/td>\n<td style=\"border-top: none; border-left: none; text-align: center;\">F<\/td>\n<td style=\"border-top: none; border-left: none; text-align: center;\">H<\/td>\n<td style=\"border-top: none; border-left: none; text-align: center;\">F<\/td>\n<\/tr>\n<tr style=\"height: 18.75pt;\">\n<td class=\"xl66\" style=\"height: 18.75pt; border-top: none;\" height=\"25\">Tir 3D (avant sept 2016)<\/td>\n<td class=\"xl66\" style=\"border-top: none; border-left: none; text-align: center;\">400<\/td>\n<td class=\"xl66\" style=\"border-top: none; border-left: none; text-align: center;\">350<\/td>\n<td class=\"xl66\" style=\"border-top: none; border-left: none; text-align: center;\">680<\/td>\n<td class=\"xl66\" style=\"border-top: none; border-left: none; text-align: center;\">640<\/td>\n<td class=\"xl66\" style=\"border-top: none; border-left: none; text-align: center;\">510<\/td>\n<td class=\"xl66\" style=\"border-top: none; border-left: none; text-align: center;\">490<\/td>\n<\/tr>\n<tr>\n<td style=\"border-top: none;\">Tir 3D<br \/>(apr\u00e8s 1er sept 2016)<\/td>\n<td style=\"border-top: none; border-left: none; text-align: center;\">240<\/td>\n<td style=\"border-top: none; border-left: none; text-align: center;\">210<\/td>\n<td style=\"border-top: none; border-left: none; text-align: center;\">408<\/td>\n<td style=\"border-top: none; border-left: none; text-align: center;\">384<\/td>\n<td style=\"border-top: none; border-left: none; text-align: center;\">306<\/td>\n<td style=\"border-top: none; border-left: none; text-align: center;\">294<\/td>\n<\/tr>\n<\/tbody>\n<\/table>\n<p>Plus d&rsquo;informations sur le site du Comit\u00e9 R\u00e9gional : <a href=\"https:\/\/www.tiralarcidf.com\/pages\/organisation-des-formations-en-ile-de-france\/\" target=\"_blank\" rel=\"noopener\">lien\u00a0<\/a><br \/>Inscription\u00a0sur votre espace licenci\u00e9 FFTA (gestion sportive\/s&rsquo;inscrire \u00e0 une formation)<\/p>\n\n\n<p><\/p>\n","protected":false},"excerpt":{"rendered":"<p>\u00a0Pour les formations f\u00e9d\u00e9rales : inscription par l&rsquo;archer lui-m\u00eame sur son espace licenci\u00e9 sur l&rsquo;intranet FFTA : \u00ab\u00a0s&rsquo;inscrire \u00e0 une formation\u00a0\u00bb &#8211; protocoleinscription : lien Programme r\u00e9gional des formations 25-26 Formation continue E1 :Une remise \u00e0 niveau est propos\u00e9e aux Entra\u00eeneurs 1. Session de 7 h de formation au tarif de 30 \u20ac par personne. [&hellip;]<\/p>\n","protected":false},"author":1,"featured_media":0,"parent":1643,"menu_order":1,"comment_status":"closed","ping_status":"closed","template":"","meta":{"footnotes":""},"class_list":["post-336","page","type-page","status-publish","hentry"],"_links":{"self":[{"href":"https:\/\/archers91.fr\/index.php?rest_route=\/wp\/v2\/pages\/336","targetHints":{"allow":["GET"]}}],"collection":[{"href":"https:\/\/archers91.fr\/index.php?rest_route=\/wp\/v2\/pages"}],"about":[{"href":"https:\/\/archers91.fr\/index.php?rest_route=\/wp\/v2\/types\/page"}],"author":[{"embeddable":true,"href":"https:\/\/archers91.fr\/index.php?rest_route=\/wp\/v2\/users\/1"}],"replies":[{"embeddable":true,"href":"https:\/\/archers91.fr\/index.php?rest_route=%2Fwp%2Fv2%2Fcomments&post=336"}],"version-history":[{"count":24,"href":"https:\/\/archers91.fr\/index.php?rest_route=\/wp\/v2\/pages\/336\/revisions"}],"predecessor-version":[{"id":23995,"href":"https:\/\/archers91.fr\/index.php?rest_route=\/wp\/v2\/pages\/336\/revisions\/23995"}],"up":[{"embeddable":true,"href":"https:\/\/archers91.fr\/index.php?rest_route=\/wp\/v2\/pages\/1643"}],"wp:attachment":[{"href":"https:\/\/archers91.fr\/index.php?rest_route=%2Fwp%2Fv2%2Fmedia&parent=336"}],"curies":[{"name":"wp","href":"https:\/\/api.w.org\/{rel}","templated":true}]}}