{"id":350,"date":"2009-09-01T19:04:46","date_gmt":"2009-09-01T17:04:46","guid":{"rendered":"http:\/\/www.archers91.fr\/wordpress\/archers\/?page_id=350"},"modified":"2026-01-29T10:36:03","modified_gmt":"2026-01-29T09:36:03","slug":"stage-archer","status":"publish","type":"page","link":"https:\/\/archers91.fr\/?page_id=350","title":{"rendered":"Stages Parcours"},"content":{"rendered":"<p><strong>Stage tir Campagne<\/strong> : th\u00e9orie\u00a0 &#8211; (date \u00e0 d\u00e9finir)\u00a0 \u00a0de 9 h \u00e0 12h30 dans les locaux du Comit\u00e9 \u00e0 Corbeil.<br \/>\nListe des inscrits :<\/p>\n<table style=\"width: 80.1724%; height: 240px;\" width=\"237\">\n<tbody>\n<tr style=\"height: 24px;\">\n<td style=\"width: 57.7586%; height: 24px;\" width=\"140\"><\/td>\n<td style=\"width: 21.0345%; height: 24px;\" width=\"97\"><\/td>\n<\/tr>\n<tr style=\"height: 24px;\">\n<td style=\"width: 57.7586%; height: 24px;\"><\/td>\n<td style=\"width: 21.0345%; height: 24px;\"><\/td>\n<\/tr>\n<tr style=\"height: 24px;\">\n<td style=\"width: 57.7586%; height: 24px;\"><\/td>\n<td style=\"width: 21.0345%; height: 24px;\"><\/td>\n<\/tr>\n<tr style=\"height: 24px;\">\n<td style=\"width: 57.7586%; height: 24px;\"><\/td>\n<td style=\"width: 21.0345%; height: 24px;\"><\/td>\n<\/tr>\n<tr style=\"height: 24px;\">\n<td style=\"width: 57.7586%; height: 24px;\"><\/td>\n<td style=\"width: 21.0345%; height: 24px;\"><\/td>\n<\/tr>\n<tr style=\"height: 24px;\">\n<td style=\"width: 57.7586%; height: 24px;\"><\/td>\n<td style=\"width: 21.0345%; height: 24px;\"><\/td>\n<\/tr>\n<tr style=\"height: 24px;\">\n<td style=\"width: 57.7586%; height: 24px;\"><\/td>\n<td style=\"width: 21.0345%; height: 24px;\"><\/td>\n<\/tr>\n<tr style=\"height: 24px;\">\n<td style=\"width: 57.7586%; height: 24px;\"><\/td>\n<td style=\"width: 21.0345%; height: 24px;\"><\/td>\n<\/tr>\n<tr style=\"height: 24px;\">\n<td style=\"width: 57.7586%; height: 24px;\"><\/td>\n<td style=\"width: 21.0345%; height: 24px;\"><\/td>\n<\/tr>\n<tr style=\"height: 24px;\">\n<td style=\"width: 57.7586%; height: 24px;\"><\/td>\n<td style=\"width: 21.0345%; height: 24px;\"><\/td>\n<\/tr>\n<\/tbody>\n<\/table>\n<p><span style=\"font-size: medium;\"><span style=\"color: #000000;\"><strong>Approche et d\u00e9couverte\u00a0<\/strong> des disciplines de parcours, se r\u00e9alisant en pleine nature :<\/span><span style=\"color: #000000;\"> tir Campagne, Nature et tir 3 D.<\/span>\u00a0<\/span><br \/>\n<span style=\"font-size: medium;\"> pour Jeunes et Adultes, licenci\u00e9s FFTA.<\/span><\/p>\n<p><span style=\"color: #000000;\">Date : Sur demande<\/span><\/p>\n<p><span style=\"color: #000000;\"><strong>Lieu<\/strong> :<br \/>\n<\/span><span style=\"color: #000000;\"><strong>Dur\u00e9e <\/strong>: 3 heures<br \/>\n<strong>Prix<\/strong> : 30\u20ac par personne<\/span><\/p>\n<p>sur demande au secretariat, cr\u00e9ation du stage \u00e0 partir de 6 participants<\/p>\n<p><a href=\"https:\/\/archers91.fr\/wp-content\/uploads\/2009\/09\/IMG_6126.jpg\"><img loading=\"lazy\" decoding=\"async\" class=\"alignleft\" title=\"pacours\" src=\"https:\/\/archers91.fr\/wp-content\/uploads\/2009\/09\/IMG_6126.jpg\" alt=\"\" width=\"178\" height=\"215\" \/><\/a><a href=\"http:\/\/www.archers91.fr\/wp-content\/uploads\/2009\/09\/DSC_9685.JPG.jpeg\"><img loading=\"lazy\" decoding=\"async\" class=\"aligncenter size-medium wp-image-658\" title=\"DSC_9685.JPG\" src=\"http:\/\/www.archers91.fr\/wp-content\/uploads\/2009\/09\/DSC_9685.JPG.jpeg\" alt=\"DSC_9685.JPG\" width=\"178\" height=\"240\" \/><\/a><\/p>\n<p><span style=\"color: #000000;\">&#8211;<\/span><\/p>\n<p><span style=\"color: #000000;\">\u00a0<\/span><\/p>\n","protected":false},"excerpt":{"rendered":"<p>Stage tir Campagne : th\u00e9orie\u00a0 &#8211; (date \u00e0 d\u00e9finir)\u00a0 \u00a0de 9 h \u00e0 12h30 dans les locaux du Comit\u00e9 \u00e0 Corbeil. Liste des inscrits : Approche et d\u00e9couverte\u00a0 des disciplines de parcours, se r\u00e9alisant en pleine nature : tir Campagne, Nature et tir 3 D.\u00a0 pour Jeunes et Adultes, licenci\u00e9s FFTA. Date : Sur demande [&hellip;]<\/p>\n","protected":false},"author":1,"featured_media":0,"parent":354,"menu_order":3,"comment_status":"closed","ping_status":"closed","template":"","meta":{"footnotes":""},"class_list":["post-350","page","type-page","status-publish","hentry"],"_links":{"self":[{"href":"https:\/\/archers91.fr\/index.php?rest_route=\/wp\/v2\/pages\/350","targetHints":{"allow":["GET"]}}],"collection":[{"href":"https:\/\/archers91.fr\/index.php?rest_route=\/wp\/v2\/pages"}],"about":[{"href":"https:\/\/archers91.fr\/index.php?rest_route=\/wp\/v2\/types\/page"}],"author":[{"embeddable":true,"href":"https:\/\/archers91.fr\/index.php?rest_route=\/wp\/v2\/users\/1"}],"replies":[{"embeddable":true,"href":"https:\/\/archers91.fr\/index.php?rest_route=%2Fwp%2Fv2%2Fcomments&post=350"}],"version-history":[{"count":1,"href":"https:\/\/archers91.fr\/index.php?rest_route=\/wp\/v2\/pages\/350\/revisions"}],"predecessor-version":[{"id":24359,"href":"https:\/\/archers91.fr\/index.php?rest_route=\/wp\/v2\/pages\/350\/revisions\/24359"}],"up":[{"embeddable":true,"href":"https:\/\/archers91.fr\/index.php?rest_route=\/wp\/v2\/pages\/354"}],"wp:attachment":[{"href":"https:\/\/archers91.fr\/index.php?rest_route=%2Fwp%2Fv2%2Fmedia&parent=350"}],"curies":[{"name":"wp","href":"https:\/\/api.w.org\/{rel}","templated":true}]}}