{"id":3543,"date":"2012-03-28T19:26:23","date_gmt":"2012-03-28T17:26:23","guid":{"rendered":"http:\/\/www.archers91.fr\/wordpress\/archers\/?page_id=3543"},"modified":"2026-04-22T12:15:38","modified_gmt":"2026-04-22T10:15:38","slug":"comptes-rendus","status":"publish","type":"page","link":"https:\/\/archers91.fr\/?page_id=3543","title":{"rendered":"Comptes-rendus"},"content":{"rendered":"\n<div class=\"wp-block-group\"><div class=\"wp-block-group__inner-container is-layout-constrained wp-block-group-is-layout-constrained\">\n<h2 class=\"wp-block-heading has-text-align-center\"><strong>R\u00e9unions du Comit\u00e9 Directeur<\/strong><\/h2>\n\n\n\n<figure class=\"wp-block-table is-style-stripes has-small-font-size\"><table><thead><tr><th class=\"has-text-align-center\" data-align=\"center\">Date<\/th><th class=\"has-text-align-center\" data-align=\"center\">T\u00e9l\u00e9charger<\/th><\/tr><\/thead><tbody><tr><td class=\"has-text-align-center\" data-align=\"center\">01\/04\/2026<\/td><td class=\"has-text-align-center\" data-align=\"center\"><a href=\"https:\/\/archers91.fr\/wp-content\/uploads\/2026\/04\/CR-reunion-CA-01-04-2026.pdf\">Cr-reunion-CA 01 04 26<\/a><\/td><\/tr><tr><td class=\"has-text-align-center\" data-align=\"center\">07\/01\/2026<\/td><td class=\"has-text-align-center\" data-align=\"center\"><a href=\"https:\/\/archers91.fr\/wp-content\/uploads\/2026\/02\/CR-reunion-CA-07-02-2026.pdf\" data-type=\"attachment\" data-id=\"24429\">CR-reunion-CA 07 01 26<\/a><\/td><\/tr><tr><td class=\"has-text-align-center\" data-align=\"center\">24\/11\/2025<\/td><td class=\"has-text-align-center\" data-align=\"center\"><a href=\"https:\/\/archers91.fr\/wp-content\/uploads\/2025\/12\/CR-reunion-CA-24-11-25-pdf.pdf\" data-type=\"attachment\" data-id=\"24212\">CR-r\u00e9union-CA 24 11 25<\/a><\/td><\/tr><tr><td class=\"has-text-align-center\" data-align=\"center\">16\/09\/2025<\/td><td class=\"has-text-align-center\" data-align=\"center\"><a href=\"https:\/\/archers91.fr\/wp-content\/uploads\/2025\/10\/CR-reunion-CA-25-09-16.pdf\">CR-r\u00e9union-CA 16 09 25<\/a><\/td><\/tr><tr><td class=\"has-text-align-center\" data-align=\"center\">25\/06\/2025<\/td><td class=\"has-text-align-center\" data-align=\"center\"><a href=\"https:\/\/archers91.fr\/wp-content\/uploads\/2025\/10\/CR-reunion-CA-25-06-24.pdf\">CR-r\u00e9union-CA 24 06 25<\/a><\/td><\/tr><tr><td class=\"has-text-align-center\" data-align=\"center\">06\/05\/2025<\/td><td class=\"has-text-align-center\" data-align=\"center\"><a href=\"https:\/\/archers91.fr\/wp-content\/uploads\/2025\/09\/CR-reunion-CA-25-05-06.pdf\" data-type=\"attachment\" data-id=\"23807\">CR-r\u00e9union-CA 06 05 25<\/a><\/td><\/tr><tr><td class=\"has-text-align-center\" data-align=\"center\">25\/03\/2025<\/td><td class=\"has-text-align-center\" data-align=\"center\"><a href=\"https:\/\/archers91.fr\/wp-content\/uploads\/2025\/04\/CR-reunion-CA-25-03-25-docx.pdf\" data-type=\"attachment\" data-id=\"23522\">CR-r\u00e9union-CA 25 03 25<\/a><\/td><\/tr><tr><td class=\"has-text-align-center\" data-align=\"center\">24\/03\/2025<\/td><td class=\"has-text-align-center\" data-align=\"center\"><a href=\"https:\/\/archers91.fr\/wp-content\/uploads\/2025\/06\/CR_AG2024-CDTAE-mars-2025.pdf\">CR-AG MARS 2025<\/a><\/td><\/tr><tr><td class=\"has-text-align-center\" data-align=\"center\">18\/02\/2025<\/td><td class=\"has-text-align-center\" data-align=\"center\"><a href=\"https:\/\/archers91.fr\/wp-content\/uploads\/2025\/02\/CR-reunion-CA-18-02-25.pdf\" data-type=\"attachment\" data-id=\"23279\">CR-r\u00e9union-CA 18 02 25<\/a><\/td><\/tr><tr><td class=\"has-text-align-center\" data-align=\"center\">14\/01\/2025<\/td><td class=\"has-text-align-center\" data-align=\"center\"><a href=\"https:\/\/archers91.fr\/wp-content\/uploads\/2025\/02\/CR-reunion-CA-14-01-251.pdf\" data-type=\"attachment\" data-id=\"23273\">CR- re\u0301union CA 14 01 25<\/a><\/td><\/tr><tr><td class=\"has-text-align-center\" data-align=\"center\">18\/12\/2024<\/td><td class=\"has-text-align-center\" data-align=\"center\"><a href=\"https:\/\/archers91.fr\/wp-content\/uploads\/2025\/02\/CR-reunion-CA-18-12-242.pdf\" data-type=\"attachment\" data-id=\"23274\">CR-reunion CA 18 12 24<\/a><\/td><\/tr><tr><td class=\"has-text-align-center\" data-align=\"center\">03\/10\/2024<\/td><td class=\"has-text-align-center\" data-align=\"center\"><a href=\"https:\/\/archers91.fr\/wp-content\/uploads\/2024\/10\/CR-reunion-CA-03-oct-2024.pdf\" data-type=\"attachment\" data-id=\"22934\" target=\"_blank\" rel=\"noreferrer noopener\">CR reunion-oct24<\/a><\/td><\/tr><tr><td class=\"has-text-align-center\" data-align=\"center\">27\/09\/2024<\/td><td class=\"has-text-align-center\" data-align=\"center\"><a href=\"https:\/\/archers91.fr\/wp-content\/uploads\/2025\/02\/CR-AG-2024-elective.pdf\" data-type=\"attachment\" data-id=\"23283\">CR-AG 2024 Elective<\/a><\/td><\/tr><tr><td class=\"has-text-align-center\" data-align=\"center\">09\/09\/2024<\/td><td class=\"has-text-align-center\" data-align=\"center\"><a href=\"https:\/\/archers91.fr\/wp-content\/uploads\/2024\/10\/CR-reunion-CA-09-sept-2024-1.pdf\" data-type=\"attachment\" data-id=\"22932\" target=\"_blank\" rel=\"noreferrer noopener\">CR reunion-sept24<\/a><\/td><\/tr><tr><td class=\"has-text-align-center\" data-align=\"center\">11\/06\/2024<\/td><td class=\"has-text-align-center\" data-align=\"center\"><a href=\"https:\/\/archers91.fr\/wp-content\/uploads\/2024\/10\/CR-reunion-CA-11-juin-2024-1.pdf\" data-type=\"attachment\" data-id=\"22933\" target=\"_blank\" rel=\"noreferrer noopener\">CR reunion-juin24<\/a><\/td><\/tr><tr><td class=\"has-text-align-center\" data-align=\"center\">23\/04\/2024<\/td><td class=\"has-text-align-center\" data-align=\"center\"><a href=\"https:\/\/archers91.fr\/wp-content\/uploads\/2024\/10\/CR-reunion-CA-23-avril-24.pdf\" data-type=\"attachment\" data-id=\"22931\" target=\"_blank\" rel=\"noreferrer noopener\">CR reunion-avril24<\/a><\/td><\/tr><tr><td class=\"has-text-align-center\" data-align=\"center\">29\/02\/2024<\/td><td class=\"has-text-align-center\" data-align=\"center\"><a href=\"https:\/\/archers91.fr\/wp-content\/uploads\/2024\/04\/CR-reunion-CA-29-fevrier-24.pdf\" target=\"_blank\" rel=\"noreferrer noopener\">CR reunion-fev24<\/a><\/td><\/tr><tr><td class=\"has-text-align-center\" data-align=\"center\">09 \/01\/2024<\/td><td class=\"has-text-align-center\" data-align=\"center\"><a href=\"https:\/\/archers91.fr\/wp-content\/uploads\/2024\/04\/CR-reunion-CA-09-janvier-2024.pdf\" target=\"_blank\" rel=\"noreferrer noopener\">CR reunion-janv24<\/a><\/td><\/tr><tr><td class=\"has-text-align-center\" data-align=\"center\">01\/12\/2023<\/td><td class=\"has-text-align-center\" data-align=\"center\"><a href=\"https:\/\/archers91.fr\/wp-content\/uploads\/2024\/01\/CR-reunion-12-dec23.pdf\" target=\"_blank\" rel=\"noreferrer noopener\">CR reunion-dec23<\/a><\/td><\/tr><tr><td class=\"has-text-align-center\" data-align=\"center\">14\/11\/2023<\/td><td class=\"has-text-align-center\" data-align=\"center\"><a href=\"https:\/\/archers91.fr\/wp-content\/uploads\/2024\/01\/CR-reunion-14-novembre.pdf\" target=\"_blank\" rel=\"noreferrer noopener\">CR reunion-nov23<\/a><\/td><\/tr><tr><td class=\"has-text-align-center\" data-align=\"center\">04\/07\/2023<\/td><td class=\"has-text-align-center\" data-align=\"center\"><a href=\"https:\/\/archers91.fr\/wp-content\/uploads\/2023\/07\/CR-reunion-4-juil23.pdf\" target=\"_blank\" rel=\"noreferrer noopener\">CR reunion CDTAE-juillet23<\/a><\/td><\/tr><tr><td class=\"has-text-align-center\" data-align=\"center\">07 \/06\/2023<\/td><td class=\"has-text-align-center\" data-align=\"center\"><a href=\"https:\/\/archers91.fr\/wp-content\/uploads\/2023\/07\/CR-reunion-7-juin.pdf\" target=\"_blank\" rel=\"noreferrer noopener\">CR reunion CDTAE- juin23<\/a><\/td><\/tr><tr><td class=\"has-text-align-center\" data-align=\"center\">21\/03\/2023<\/td><td class=\"has-text-align-center\" data-align=\"center\"><a href=\"https:\/\/archers91.fr\/wp-content\/uploads\/2023\/07\/CR-reunion-21-Mars.pdf\" target=\"_blank\" rel=\"noreferrer noopener\">CR reunion CDTAE-mars23<\/a><\/td><\/tr><tr><td class=\"has-text-align-center\" data-align=\"center\">10\/01\/2023<\/td><td class=\"has-text-align-center\" data-align=\"center\"><a href=\"https:\/\/archers91.fr\/wp-content\/uploads\/2023\/07\/Reunion-du-10-JAN-2023.pdf\" target=\"_blank\" rel=\"noreferrer noopener\">CR reunion CDTAE-janv23<\/a><\/td><\/tr><\/tbody><\/table><\/figure>\n<\/div><\/div>\n\n\n\n<div class=\"wp-block-group\"><div class=\"wp-block-group__inner-container is-layout-constrained wp-block-group-is-layout-constrained\">\n<h2 class=\"wp-block-heading has-text-align-center\">Proc\u00e8s verbaux d&rsquo;Assembl\u00e9es G\u00e9n\u00e9rales<\/h2>\n\n\n\n<figure class=\"wp-block-table is-style-stripes has-small-font-size\"><table class=\"has-light-gray-background-color has-background\"><thead><tr><th class=\"has-text-align-right\" data-align=\"right\">Date<\/th><th class=\"has-text-align-center\" data-align=\"center\">T\u00e9l\u00e9charger<\/th><\/tr><\/thead><tbody><tr><td class=\"has-text-align-right\" data-align=\"right\">27\/03\/2026<\/td><td class=\"has-text-align-center\" data-align=\"center\"><a href=\"https:\/\/archers91.fr\/wp-content\/uploads\/2026\/04\/CR_AG2025-CDTAE-mars-2026.pdf\" data-type=\"attachment\" data-id=\"24594\">Compte -rendu 2026<\/a><\/td><\/tr><tr><td class=\"has-text-align-right\" data-align=\"right\">14\/03\/2025<\/td><td class=\"has-text-align-center\" data-align=\"center\"><a href=\"https:\/\/archers91.fr\/wp-content\/uploads\/2025\/10\/CR_AG-CDTAE-mars-2025version-signee.pdf\">PV AG-CDTAE-mars25<\/a><\/td><\/tr><tr><td class=\"has-text-align-right\" data-align=\"right\">09\/02\/2024<\/td><td class=\"has-text-align-center\" data-align=\"center\"><a href=\"https:\/\/archers91.fr\/wp-content\/uploads\/2024\/03\/PV_AG2023-CDTAE-v4_signe.pdf\" data-type=\"attachment\" data-id=\"21853\">Compte-rendu<\/a><\/td><\/tr><tr><td class=\"has-text-align-right\" data-align=\"right\">11\/02\/2023<\/td><td class=\"has-text-align-center\" data-align=\"center\"><a href=\"https:\/\/archers91.fr\/wp-content\/uploads\/2023\/02\/PV_AG2022-CDTAE.pdf\" target=\"_blank\" rel=\"noreferrer noopener\">PV AG-CDTAE-fev23<\/a><\/td><\/tr><tr><td class=\"has-text-align-right\" data-align=\"right\">11\/02\/2022<\/td><td class=\"has-text-align-center\" data-align=\"center\"><a rel=\"noreferrer noopener\" href=\"https:\/\/archers91.fr\/wp-content\/uploads\/2022\/02\/PV_AG-CDTAE2021.pdf\" target=\"_blank\">PV AG-CDTAE-fev22<\/a><br><a href=\"https:\/\/archers91.fr\/wp-content\/uploads\/2022\/02\/Comptes-CDTAE-2021.pdf\" target=\"_blank\" rel=\"noreferrer noopener\">comptes CDTAE-2021<\/a><\/td><\/tr><tr><td class=\"has-text-align-right\" data-align=\"right\">26\/02\/2021<\/td><td class=\"has-text-align-center\" data-align=\"center\"><a href=\"https:\/\/archers91.fr\/wp-content\/uploads\/2021\/03\/PV_AG-CDTAE2020.pdf\" target=\"_blank\" rel=\"noreferrer noopener\" aria-label=\"PV AG-CDTAE-fev21 (opens in a new tab)\">PV AG-CDTAE-fev21<\/a><\/td><\/tr><tr><td class=\"has-text-align-right\" data-align=\"right\">16\/10\/2020<\/td><td class=\"has-text-align-center\" data-align=\"center\"><a href=\"https:\/\/archers91.fr\/wp-content\/uploads\/2020\/12\/PV_AG-CD91-2020.pdf\" target=\"_blank\" rel=\"noreferrer noopener\" aria-label=\"PV AG- CDTAE-oct20 (opens in a new tab)\"><img decoding=\"async\" class=\"wp-image-17519\" style=\"width: NaNpx;\" src=\"https:\/\/archers91.fr\/wp-content\/uploads\/2020\/12\/PV_AG-CD91-2020.pdf\" alt=\"\">PV AG- CDTAE-oct20<\/a><\/td><\/tr><\/tbody><\/table><\/figure>\n<\/div><\/div>\n\n\n\n<div class=\"wp-block-buttons is-content-justification-center is-layout-flex wp-container-core-buttons-is-layout-16018d1d wp-block-buttons-is-layout-flex\">\n<div class=\"wp-block-button has-custom-width wp-block-button__width-75 is-style-fill\"><a class=\"wp-block-button__link has-small-font-size has-text-align-center has-custom-font-size wp-element-button\" href=\"https:\/\/archers91.fr\/?page_id=21980\" style=\"border-radius:92px\" target=\"_blank\" rel=\"noreferrer noopener\">Consulter les archives<\/a><\/div>\n<\/div>\n\n\n\n<p><\/p>\n","protected":false},"excerpt":{"rendered":"<p>R\u00e9unions du Comit\u00e9 Directeur Date T\u00e9l\u00e9charger 01\/04\/2026 Cr-reunion-CA 01 04 26 07\/01\/2026 CR-reunion-CA 07 01 26 24\/11\/2025 CR-r\u00e9union-CA 24 11 25 16\/09\/2025 CR-r\u00e9union-CA 16 09 25 25\/06\/2025 CR-r\u00e9union-CA 24 06 25 06\/05\/2025 CR-r\u00e9union-CA 06 05 25 25\/03\/2025 CR-r\u00e9union-CA 25 03 25 24\/03\/2025 CR-AG MARS 2025 18\/02\/2025 CR-r\u00e9union-CA 18 02 25 14\/01\/2025 CR- re\u0301union CA 14 [&hellip;]<\/p>\n","protected":false},"author":1,"featured_media":0,"parent":0,"menu_order":3,"comment_status":"closed","ping_status":"closed","template":"","meta":{"footnotes":""},"class_list":["post-3543","page","type-page","status-publish","hentry"],"_links":{"self":[{"href":"https:\/\/archers91.fr\/index.php?rest_route=\/wp\/v2\/pages\/3543","targetHints":{"allow":["GET"]}}],"collection":[{"href":"https:\/\/archers91.fr\/index.php?rest_route=\/wp\/v2\/pages"}],"about":[{"href":"https:\/\/archers91.fr\/index.php?rest_route=\/wp\/v2\/types\/page"}],"author":[{"embeddable":true,"href":"https:\/\/archers91.fr\/index.php?rest_route=\/wp\/v2\/users\/1"}],"replies":[{"embeddable":true,"href":"https:\/\/archers91.fr\/index.php?rest_route=%2Fwp%2Fv2%2Fcomments&post=3543"}],"version-history":[{"count":63,"href":"https:\/\/archers91.fr\/index.php?rest_route=\/wp\/v2\/pages\/3543\/revisions"}],"predecessor-version":[{"id":24599,"href":"https:\/\/archers91.fr\/index.php?rest_route=\/wp\/v2\/pages\/3543\/revisions\/24599"}],"wp:attachment":[{"href":"https:\/\/archers91.fr\/index.php?rest_route=%2Fwp%2Fv2%2Fmedia&parent=3543"}],"curies":[{"name":"wp","href":"https:\/\/api.w.org\/{rel}","templated":true}]}}