{"id":37,"date":"2009-06-29T19:23:29","date_gmt":"2009-06-29T17:23:29","guid":{"rendered":"http:\/\/localhost:8888\/wordpress\/?page_id=37"},"modified":"2025-11-05T15:21:11","modified_gmt":"2025-11-05T14:21:11","slug":"classement-departemental","status":"publish","type":"page","link":"https:\/\/archers91.fr\/?page_id=37","title":{"rendered":"Rencontres Interclubs 2025-2026"},"content":{"rendered":"\n<div class=\"wp-block-media-text is-stacked-on-mobile\" style=\"grid-template-columns:22% auto\"><figure class=\"wp-block-media-text__media\"><img loading=\"lazy\" decoding=\"async\" width=\"819\" height=\"1024\" src=\"https:\/\/archers91.fr\/wp-content\/uploads\/2025\/11\/251105-Ouverture-interclub-819x1024.png\" alt=\"\" class=\"wp-image-24098 size-full\" srcset=\"https:\/\/archers91.fr\/wp-content\/uploads\/2025\/11\/251105-Ouverture-interclub-819x1024.png 819w, https:\/\/archers91.fr\/wp-content\/uploads\/2025\/11\/251105-Ouverture-interclub-240x300.png 240w, https:\/\/archers91.fr\/wp-content\/uploads\/2025\/11\/251105-Ouverture-interclub-768x960.png 768w, https:\/\/archers91.fr\/wp-content\/uploads\/2025\/11\/251105-Ouverture-interclub.png 1080w\" sizes=\"auto, (max-width: 819px) 100vw, 819px\" \/><\/figure><div class=\"wp-block-media-text__content\">\n<p class=\"has-text-align-left\" style=\"font-size:15px\">Le Comit\u00e9 D\u00e9partemental de l\u2019Essonne organise des rencontres d\u00e9partementales par \u00e9quipes de club.<\/p>\n\n\n\n<p class=\"has-text-color has-link-color wp-elements-78d59473056b5bd11a2f6a7d5402d1cd\" style=\"color:#40529b\"><strong>Objectifs :<\/strong><\/p>\n\n\n\n<ul class=\"wp-block-list\">\n<li style=\"font-size:15px\">Permettre aux archers du d\u00e9partement d&rsquo;organiser des rencontres avec d&rsquo;autres clubs<\/li>\n\n\n\n<li style=\"font-size:15px\">Proposer des matchs individuels et par \u00e9quipes tout au long de la saison salle<\/li>\n\n\n\n<li style=\"font-size:15px\">Favoriser la mixit\u00e9 de sexe, d\u2019arme et d\u2019exp\u00e9rience<\/li>\n\n\n\n<li style=\"font-size:15px\">D\u00e9velopper des relations amicales<\/li>\n<\/ul>\n\n\n\n<p class=\"has-text-color has-link-color wp-elements-5d8b9ec6585f73aede60ffa101c15a75\" style=\"color:#40529b\"><strong>R\u00e8glement<\/strong><\/p>\n\n\n\n<div class=\"wp-block-file\"><a id=\"wp-block-file--media-467af713-0fbc-4bdd-ab8a-535d38a5c47f\" href=\"https:\/\/archers91.fr\/wp-content\/uploads\/2025\/11\/Reglement-Interclubs-91-2026.pdf\" target=\"_blank\" rel=\"noreferrer noopener\">R\u00e8glement Interclubs 91 -2026<\/a><\/div>\n<\/div><\/div>\n\n\n\n<p class=\"has-text-color has-link-color wp-elements-6d4baeab8bad3285520f1789a2713fcd\" style=\"color:#40529b\"><strong>Inscriptions (jusqu&rsquo;au 16 novembre)<\/strong><\/p>\n\n\n\n<p style=\"font-size:15px\">L&rsquo;inscription est obligatoire et gratuite. Les clubs et compagnies de l\u2019Essonne peuvent pr\u00e9senter au maximum 2 \u00e9quipes.<\/p>\n\n\n\n<div class=\"wp-block-buttons is-content-justification-center is-layout-flex wp-container-core-buttons-is-layout-16018d1d wp-block-buttons-is-layout-flex\">\n<div class=\"wp-block-button has-custom-width wp-block-button__width-50 is-style-fill\"><a class=\"wp-block-button__link has-white-color has-text-color has-background has-link-color wp-element-button\" href=\"https:\/\/docs.google.com\/forms\/d\/e\/1FAIpQLSf-kfSSH__6EzsNyOXNEOVwWNpAiZKiIi057khZoF-THcSeOA\/viewform?usp=dialog\" style=\"border-radius:10px;background-color:#40529b\"><strong>Inscription<\/strong><\/a><\/div>\n<\/div>\n\n\n\n<p class=\"has-text-color has-link-color wp-elements-1b6b1f3cfa98fb75488641ec6c136a83\" style=\"color:#40529b\"><strong>R\u00e9sultats et classement<\/strong><\/p>\n\n\n\n<p style=\"font-size:15px\">A venir<\/p>\n\n\n\n<hr class=\"wp-block-separator has-text-color has-alpha-channel-opacity has-background is-style-wide\" style=\"background-color:#40529b;color:#40529b\"\/>\n\n\n\n<h2 class=\"wp-block-heading\">Archives ann\u00e9es pr\u00e9c\u00e9dentes<\/h2>\n\n\n\n<p class=\"has-medium-font-size\">R\u00e8glement des rencontres interclubs 2025: <a href=\"https:\/\/archers91.fr\/wp-content\/uploads\/2024\/10\/Reglement-Interclubs-91-1.pdf\" data-type=\"attachment\" data-id=\"22916\" target=\"_blank\" rel=\"noreferrer noopener\">t\u00e9l\u00e9charger<\/a><\/p>\n\n\n\n<p>Mandat finale interclubs : <a href=\"https:\/\/archers91.fr\/wp-content\/uploads\/2025\/03\/mandat-Finale-Interclubs-91-2025.pdf\" data-type=\"attachment\" data-id=\"23315\">t\u00e9l\u00e9charger<\/a><\/p>\n\n\n\n<p><strong>Classement 2025<\/strong><\/p>\n\n\n\n<figure class=\"wp-block-image size-large\"><img loading=\"lazy\" decoding=\"async\" width=\"1024\" height=\"831\" src=\"https:\/\/archers91.fr\/wp-content\/uploads\/2025\/03\/Resultats-Finaux-24-25-1-1024x831.jpg\" alt=\"\" class=\"wp-image-23319\" srcset=\"https:\/\/archers91.fr\/wp-content\/uploads\/2025\/03\/Resultats-Finaux-24-25-1-1024x831.jpg 1024w, https:\/\/archers91.fr\/wp-content\/uploads\/2025\/03\/Resultats-Finaux-24-25-1-300x244.jpg 300w, https:\/\/archers91.fr\/wp-content\/uploads\/2025\/03\/Resultats-Finaux-24-25-1-768x623.jpg 768w, https:\/\/archers91.fr\/wp-content\/uploads\/2025\/03\/Resultats-Finaux-24-25-1.jpg 1036w\" sizes=\"auto, (max-width: 1024px) 100vw, 1024px\" \/><\/figure>\n\n\n\n<figure class=\"wp-block-image size-full\"><img loading=\"lazy\" decoding=\"async\" width=\"676\" height=\"803\" src=\"https:\/\/archers91.fr\/wp-content\/uploads\/2025\/03\/Classement-Final-24-25.png\" alt=\"\" class=\"wp-image-23317\" srcset=\"https:\/\/archers91.fr\/wp-content\/uploads\/2025\/03\/Classement-Final-24-25.png 676w, https:\/\/archers91.fr\/wp-content\/uploads\/2025\/03\/Classement-Final-24-25-253x300.png 253w\" sizes=\"auto, (max-width: 676px) 100vw, 676px\" \/><\/figure>\n\n\n\n<h2 class=\"wp-block-heading has-text-align-center\">\u00c9quipes engag\u00e9es<\/h2>\n\n\n<div class=\"wp-block-image\">\n<figure class=\"aligncenter size-full is-resized\"><img loading=\"lazy\" decoding=\"async\" width=\"695\" height=\"184\" src=\"https:\/\/archers91.fr\/wp-content\/uploads\/2024\/10\/image.png\" alt=\"\" class=\"wp-image-22915\" style=\"width:695px;height:auto\" srcset=\"https:\/\/archers91.fr\/wp-content\/uploads\/2024\/10\/image.png 695w, https:\/\/archers91.fr\/wp-content\/uploads\/2024\/10\/image-300x79.png 300w\" sizes=\"auto, (max-width: 695px) 100vw, 695px\" \/><\/figure>\n<\/div>\n\n\n<p align=\"center\"><iframe loading=\"lazy\" src=\"https:\/\/www.google.com\/maps\/d\/u\/0\/embed?mid=10Oyh0Jz-pKKLnCPOKHTPSnotkoxN3Vk&#038;ehbc=2E312F\" width=\"640\" height=\"480\"><\/iframe><\/p>\n\n\n\n<div class=\"wp-block-group is-nowrap is-layout-flex wp-container-core-group-is-layout-ad2f72ca wp-block-group-is-layout-flex\">\n<figure data-wp-context=\"{&quot;imageId&quot;:&quot;69f057f86d67f&quot;}\" data-wp-interactive=\"core\/image\" data-wp-key=\"69f057f86d67f\" class=\"wp-block-image size-full is-resized wp-lightbox-container\"><img loading=\"lazy\" decoding=\"async\" width=\"1036\" height=\"841\" data-wp-class--hide=\"state.isContentHidden\" data-wp-class--show=\"state.isContentVisible\" data-wp-init=\"callbacks.setButtonStyles\" data-wp-on--click=\"actions.showLightbox\" data-wp-on--load=\"callbacks.setButtonStyles\" data-wp-on-window--resize=\"callbacks.setButtonStyles\" src=\"https:\/\/archers91.fr\/wp-content\/uploads\/2025\/03\/WhatsApp-Image-2025-03-01-at-16.13.56.jpeg\" alt=\"\" class=\"wp-image-23312\" style=\"width:481px;height:auto\" srcset=\"https:\/\/archers91.fr\/wp-content\/uploads\/2025\/03\/WhatsApp-Image-2025-03-01-at-16.13.56.jpeg 1036w, https:\/\/archers91.fr\/wp-content\/uploads\/2025\/03\/WhatsApp-Image-2025-03-01-at-16.13.56-300x244.jpeg 300w, https:\/\/archers91.fr\/wp-content\/uploads\/2025\/03\/WhatsApp-Image-2025-03-01-at-16.13.56-1024x831.jpeg 1024w, https:\/\/archers91.fr\/wp-content\/uploads\/2025\/03\/WhatsApp-Image-2025-03-01-at-16.13.56-768x623.jpeg 768w\" sizes=\"auto, (max-width: 1036px) 100vw, 1036px\" \/><button\n\t\t\tclass=\"lightbox-trigger\"\n\t\t\ttype=\"button\"\n\t\t\taria-haspopup=\"dialog\"\n\t\t\taria-label=\"Agrandir\"\n\t\t\tdata-wp-init=\"callbacks.initTriggerButton\"\n\t\t\tdata-wp-on--click=\"actions.showLightbox\"\n\t\t\tdata-wp-style--right=\"state.imageButtonRight\"\n\t\t\tdata-wp-style--top=\"state.imageButtonTop\"\n\t\t>\n\t\t\t<svg xmlns=\"http:\/\/www.w3.org\/2000\/svg\" width=\"12\" height=\"12\" fill=\"none\" viewBox=\"0 0 12 12\">\n\t\t\t\t<path fill=\"#fff\" d=\"M2 0a2 2 0 0 0-2 2v2h1.5V2a.5.5 0 0 1 .5-.5h2V0H2Zm2 10.5H2a.5.5 0 0 1-.5-.5V8H0v2a2 2 0 0 0 2 2h2v-1.5ZM8 12v-1.5h2a.5.5 0 0 0 .5-.5V8H12v2a2 2 0 0 1-2 2H8Zm2-12a2 2 0 0 1 2 2v2h-1.5V2a.5.5 0 0 0-.5-.5H8V0h2Z\" \/>\n\t\t\t<\/svg>\n\t\t<\/button><\/figure>\n\n\n\n<figure data-wp-context=\"{&quot;imageId&quot;:&quot;69f057f86da55&quot;}\" data-wp-interactive=\"core\/image\" data-wp-key=\"69f057f86da55\" class=\"wp-block-image size-full is-resized wp-lightbox-container\"><img loading=\"lazy\" decoding=\"async\" width=\"676\" height=\"803\" data-wp-class--hide=\"state.isContentHidden\" data-wp-class--show=\"state.isContentVisible\" data-wp-init=\"callbacks.setButtonStyles\" data-wp-on--click=\"actions.showLightbox\" data-wp-on--load=\"callbacks.setButtonStyles\" data-wp-on-window--resize=\"callbacks.setButtonStyles\" src=\"https:\/\/archers91.fr\/wp-content\/uploads\/2025\/03\/WhatsApp-Image-2025-03-01-at-16.13.57.jpeg\" alt=\"\" class=\"wp-image-23311\" style=\"width:661px;height:auto\" srcset=\"https:\/\/archers91.fr\/wp-content\/uploads\/2025\/03\/WhatsApp-Image-2025-03-01-at-16.13.57.jpeg 676w, https:\/\/archers91.fr\/wp-content\/uploads\/2025\/03\/WhatsApp-Image-2025-03-01-at-16.13.57-253x300.jpeg 253w\" sizes=\"auto, (max-width: 676px) 100vw, 676px\" \/><button\n\t\t\tclass=\"lightbox-trigger\"\n\t\t\ttype=\"button\"\n\t\t\taria-haspopup=\"dialog\"\n\t\t\taria-label=\"Agrandir\"\n\t\t\tdata-wp-init=\"callbacks.initTriggerButton\"\n\t\t\tdata-wp-on--click=\"actions.showLightbox\"\n\t\t\tdata-wp-style--right=\"state.imageButtonRight\"\n\t\t\tdata-wp-style--top=\"state.imageButtonTop\"\n\t\t>\n\t\t\t<svg xmlns=\"http:\/\/www.w3.org\/2000\/svg\" width=\"12\" height=\"12\" fill=\"none\" viewBox=\"0 0 12 12\">\n\t\t\t\t<path fill=\"#fff\" d=\"M2 0a2 2 0 0 0-2 2v2h1.5V2a.5.5 0 0 1 .5-.5h2V0H2Zm2 10.5H2a.5.5 0 0 1-.5-.5V8H0v2a2 2 0 0 0 2 2h2v-1.5ZM8 12v-1.5h2a.5.5 0 0 0 .5-.5V8H12v2a2 2 0 0 1-2 2H8Zm2-12a2 2 0 0 1 2 2v2h-1.5V2a.5.5 0 0 0-.5-.5H8V0h2Z\" \/>\n\t\t\t<\/svg>\n\t\t<\/button><\/figure>\n<\/div>\n\n\n\n<p class=\"has-medium-font-size\" style=\"text-decoration:underline\">Classement 2024 :<br><\/p>\n\n\n<div class=\"wp-block-image is-style-default\">\n<figure data-wp-context=\"{&quot;imageId&quot;:&quot;69f057f86de93&quot;}\" data-wp-interactive=\"core\/image\" data-wp-key=\"69f057f86de93\" class=\"aligncenter size-full is-resized wp-lightbox-container\"><img loading=\"lazy\" decoding=\"async\" width=\"677\" height=\"639\" data-wp-class--hide=\"state.isContentHidden\" data-wp-class--show=\"state.isContentVisible\" data-wp-init=\"callbacks.setButtonStyles\" data-wp-on--click=\"actions.showLightbox\" data-wp-on--load=\"callbacks.setButtonStyles\" data-wp-on-window--resize=\"callbacks.setButtonStyles\" src=\"https:\/\/archers91.fr\/wp-content\/uploads\/2024\/03\/classement-definitif.png\" alt=\"\" class=\"wp-image-21865\" style=\"object-fit:contain;width:500px;height:500px\" srcset=\"https:\/\/archers91.fr\/wp-content\/uploads\/2024\/03\/classement-definitif.png 677w, https:\/\/archers91.fr\/wp-content\/uploads\/2024\/03\/classement-definitif-300x283.png 300w\" sizes=\"auto, (max-width: 677px) 100vw, 677px\" \/><button\n\t\t\tclass=\"lightbox-trigger\"\n\t\t\ttype=\"button\"\n\t\t\taria-haspopup=\"dialog\"\n\t\t\taria-label=\"Agrandir\"\n\t\t\tdata-wp-init=\"callbacks.initTriggerButton\"\n\t\t\tdata-wp-on--click=\"actions.showLightbox\"\n\t\t\tdata-wp-style--right=\"state.imageButtonRight\"\n\t\t\tdata-wp-style--top=\"state.imageButtonTop\"\n\t\t>\n\t\t\t<svg xmlns=\"http:\/\/www.w3.org\/2000\/svg\" width=\"12\" height=\"12\" fill=\"none\" viewBox=\"0 0 12 12\">\n\t\t\t\t<path fill=\"#fff\" d=\"M2 0a2 2 0 0 0-2 2v2h1.5V2a.5.5 0 0 1 .5-.5h2V0H2Zm2 10.5H2a.5.5 0 0 1-.5-.5V8H0v2a2 2 0 0 0 2 2h2v-1.5ZM8 12v-1.5h2a.5.5 0 0 0 .5-.5V8H12v2a2 2 0 0 1-2 2H8Zm2-12a2 2 0 0 1 2 2v2h-1.5V2a.5.5 0 0 0-.5-.5H8V0h2Z\" \/>\n\t\t\t<\/svg>\n\t\t<\/button><\/figure>\n<\/div>","protected":false},"excerpt":{"rendered":"<p>Inscriptions (jusqu&rsquo;au 16 novembre) L&rsquo;inscription est obligatoire et gratuite. Les clubs et compagnies de l\u2019Essonne peuvent pr\u00e9senter au maximum 2 \u00e9quipes. R\u00e9sultats et classement A venir Archives ann\u00e9es pr\u00e9c\u00e9dentes R\u00e8glement des rencontres interclubs 2025: t\u00e9l\u00e9charger Mandat finale interclubs : t\u00e9l\u00e9charger Classement 2025 \u00c9quipes engag\u00e9es Classement 2024 :<\/p>\n","protected":false},"author":1,"featured_media":0,"parent":0,"menu_order":1,"comment_status":"closed","ping_status":"closed","template":"","meta":{"footnotes":""},"class_list":["post-37","page","type-page","status-publish","hentry"],"_links":{"self":[{"href":"https:\/\/archers91.fr\/index.php?rest_route=\/wp\/v2\/pages\/37","targetHints":{"allow":["GET"]}}],"collection":[{"href":"https:\/\/archers91.fr\/index.php?rest_route=\/wp\/v2\/pages"}],"about":[{"href":"https:\/\/archers91.fr\/index.php?rest_route=\/wp\/v2\/types\/page"}],"author":[{"embeddable":true,"href":"https:\/\/archers91.fr\/index.php?rest_route=\/wp\/v2\/users\/1"}],"replies":[{"embeddable":true,"href":"https:\/\/archers91.fr\/index.php?rest_route=%2Fwp%2Fv2%2Fcomments&post=37"}],"version-history":[{"count":28,"href":"https:\/\/archers91.fr\/index.php?rest_route=\/wp\/v2\/pages\/37\/revisions"}],"predecessor-version":[{"id":24101,"href":"https:\/\/archers91.fr\/index.php?rest_route=\/wp\/v2\/pages\/37\/revisions\/24101"}],"wp:attachment":[{"href":"https:\/\/archers91.fr\/index.php?rest_route=%2Fwp%2Fv2%2Fmedia&parent=37"}],"curies":[{"name":"wp","href":"https:\/\/api.w.org\/{rel}","templated":true}]}}