{"id":382,"date":"2009-09-02T13:32:55","date_gmt":"2009-09-02T11:32:55","guid":{"rendered":"http:\/\/www.archers91.fr\/wordpress\/archers\/?page_id=382"},"modified":"2026-02-03T10:58:33","modified_gmt":"2026-02-03T09:58:33","slug":"documents-officiels","status":"publish","type":"page","link":"https:\/\/archers91.fr\/?page_id=382","title":{"rendered":"Documents officiels"},"content":{"rendered":"\n<div class=\"wp-block-columns is-layout-flex wp-container-core-columns-is-layout-9d6595d7 wp-block-columns-is-layout-flex\">\n<div class=\"wp-block-column is-layout-flow wp-block-column-is-layout-flow\">\n<h2 class=\"wp-block-heading\">Statuts et r\u00e8glement int\u00e9rieur<\/h2>\n\n\n\n<figure class=\"wp-block-table aligncenter is-style-stripes\"><table class=\"has-white-background-color has-background has-fixed-layout\"><thead><tr><th>Document<\/th><th>Mise \u00e0 Jour<\/th><th>Fichier<\/th><\/tr><\/thead><tbody><tr><td>Statuts du CDTAE<\/td><td>27\/09\/2024<\/td><td><a href=\"https:\/\/archers91.fr\/wp-content\/uploads\/2025\/03\/Statut-CDTAE-270924.pdf\">statuts 2024<\/a><\/td><\/tr><tr><td>R\u00e8glement Int\u00e9rieur<\/td><td>26\/02\/2021<\/td><td><a href=\"https:\/\/archers91.fr\/wp-content\/uploads\/2021\/06\/Reglement-Interieur-CDTAE-Modifications-AG-fev-21.pdf\" target=\"_blank\" rel=\"noopener noreferrer\">RI2021<\/a><\/td><\/tr><\/tbody><\/table><\/figure>\n<\/div>\n\n\n\n<div class=\"wp-block-column is-layout-flow wp-block-column-is-layout-flow\">\n<h2 class=\"wp-block-heading\">Organisation de comp\u00e9titions<\/h2>\n\n\n\n<figure class=\"wp-block-table aligncenter is-style-stripes\"><table class=\"has-white-background-color has-background has-fixed-layout\"><thead><tr><th class=\"has-text-align-center\" data-align=\"center\">Document<\/th><th>Fichier<\/th><\/tr><\/thead><tbody><tr><td class=\"has-text-align-center\" data-align=\"center\">R\u00e9servation de mat\u00e9riel<\/td><td><a href=\"https:\/\/archers91.fr\/wp-content\/uploads\/2025\/12\/location-de-materiel-91.pdf\" data-type=\"link\" data-id=\"https:\/\/archers91.fr\/wp-content\/uploads\/2025\/12\/location-de-materiel-91.pdf\" target=\"_blank\" rel=\"noreferrer noopener nofollow\">CD91<\/a>, <a href=\"https:\/\/archers91.fr\/wp-content\/uploads\/2025\/12\/Location-de-materiel-hors-91-1.docx\" data-type=\"link\" data-id=\"https:\/\/archers91.fr\/wp-content\/uploads\/2025\/12\/Location-de-materiel-hors-91-1.docx\" target=\"_blank\" rel=\"noreferrer noopener nofollow\">hors CD91<\/a><\/td><\/tr><tr><td class=\"has-text-align-center\" data-align=\"center\">Aide \u00e0 l&rsquo;organisation de comp\u00e9titions<\/td><td><a href=\"https:\/\/archers91.fr\/wp-content\/uploads\/2026\/02\/Aide-organisation-CD-2026.pdf\" data-type=\"attachment\" data-id=\"24390\">subventions<\/a><\/td><\/tr><\/tbody><\/table><\/figure>\n<\/div>\n<\/div>\n\n\n\n<h2 class=\"wp-block-heading\">Tarif des licences 2025-2026<\/h2>\n\n\n<div class=\"wp-block-image is-style-default\">\n<figure class=\"aligncenter size-large\"><img loading=\"lazy\" decoding=\"async\" width=\"1024\" height=\"153\" src=\"https:\/\/archers91.fr\/wp-content\/uploads\/2025\/12\/Capture-decran-du-2025-12-23-16-20-06-1024x153.png\" alt=\"\" class=\"wp-image-24230\" srcset=\"https:\/\/archers91.fr\/wp-content\/uploads\/2025\/12\/Capture-decran-du-2025-12-23-16-20-06-1024x153.png 1024w, https:\/\/archers91.fr\/wp-content\/uploads\/2025\/12\/Capture-decran-du-2025-12-23-16-20-06-300x45.png 300w, https:\/\/archers91.fr\/wp-content\/uploads\/2025\/12\/Capture-decran-du-2025-12-23-16-20-06-768x115.png 768w, https:\/\/archers91.fr\/wp-content\/uploads\/2025\/12\/Capture-decran-du-2025-12-23-16-20-06.png 1404w\" sizes=\"auto, (max-width: 1024px) 100vw, 1024px\" \/><\/figure>\n<\/div>\n\n\n<h2 class=\"wp-block-heading\">Cat\u00e9gories d&rsquo;\u00e2ge 2025-2026<\/h2>\n\n\n<div class=\"wp-block-image wp-duotone-unset-1\">\n<figure class=\"aligncenter size-full\"><img loading=\"lazy\" decoding=\"async\" width=\"886\" height=\"468\" src=\"https:\/\/archers91.fr\/wp-content\/uploads\/2025\/12\/image.png\" alt=\"\" class=\"wp-image-24231\" srcset=\"https:\/\/archers91.fr\/wp-content\/uploads\/2025\/12\/image.png 886w, https:\/\/archers91.fr\/wp-content\/uploads\/2025\/12\/image-300x158.png 300w, https:\/\/archers91.fr\/wp-content\/uploads\/2025\/12\/image-768x406.png 768w\" sizes=\"auto, (max-width: 886px) 100vw, 886px\" \/><\/figure>\n<\/div>","protected":false},"excerpt":{"rendered":"<p>Statuts et r\u00e8glement int\u00e9rieur Document Mise \u00e0 Jour Fichier Statuts du CDTAE 27\/09\/2024 statuts 2024 R\u00e8glement Int\u00e9rieur 26\/02\/2021 RI2021 Organisation de comp\u00e9titions Document Fichier R\u00e9servation de mat\u00e9riel CD91, hors CD91 Aide \u00e0 l&rsquo;organisation de comp\u00e9titions subventions Tarif des licences 2025-2026 Cat\u00e9gories d&rsquo;\u00e2ge 2025-2026<\/p>\n","protected":false},"author":1,"featured_media":0,"parent":0,"menu_order":2,"comment_status":"closed","ping_status":"closed","template":"","meta":{"footnotes":""},"class_list":["post-382","page","type-page","status-publish","hentry"],"_links":{"self":[{"href":"https:\/\/archers91.fr\/index.php?rest_route=\/wp\/v2\/pages\/382","targetHints":{"allow":["GET"]}}],"collection":[{"href":"https:\/\/archers91.fr\/index.php?rest_route=\/wp\/v2\/pages"}],"about":[{"href":"https:\/\/archers91.fr\/index.php?rest_route=\/wp\/v2\/types\/page"}],"author":[{"embeddable":true,"href":"https:\/\/archers91.fr\/index.php?rest_route=\/wp\/v2\/users\/1"}],"replies":[{"embeddable":true,"href":"https:\/\/archers91.fr\/index.php?rest_route=%2Fwp%2Fv2%2Fcomments&post=382"}],"version-history":[{"count":39,"href":"https:\/\/archers91.fr\/index.php?rest_route=\/wp\/v2\/pages\/382\/revisions"}],"predecessor-version":[{"id":24391,"href":"https:\/\/archers91.fr\/index.php?rest_route=\/wp\/v2\/pages\/382\/revisions\/24391"}],"wp:attachment":[{"href":"https:\/\/archers91.fr\/index.php?rest_route=%2Fwp%2Fv2%2Fmedia&parent=382"}],"curies":[{"name":"wp","href":"https:\/\/api.w.org\/{rel}","templated":true}]}}